{"id":12359,"date":"2023-06-16T07:46:01","date_gmt":"2023-06-16T07:46:01","guid":{"rendered":"https:\/\/blancafortinfermers.com\/politica-de-cookies\/"},"modified":"2023-07-13T11:02:35","modified_gmt":"2023-07-13T11:02:35","slug":"politica-de-cookies","status":"publish","type":"page","link":"https:\/\/blancafortinfermers.com\/es\/politica-de-cookies\/","title":{"rendered":"Pol\u00edtica De Cookies"},"content":{"rendered":"\n<p><\/p>\n\n\n\n<p><\/p>\n\n\n\n<p>En BLANCAFORT INFERMERS, S.L.P. utilizamos cookies con el objetivo de prestar un mejor servicio y proporcionarte una mejor experiencia en tu navegaci\u00f3n. Queremos informarte de manera clara y precisa sobre las cookies que utilizamos, detallando a continuaci\u00f3n, que es una cookie, para que sirve, que tipos de cookies utilizamos, cuales son su finalidad y como puedes configurarlas o deshabilitarlas si as\u00ed lo deseas.<\/p>\n\n\n\n<p><strong>\u00bfQu\u00e9 son las cookies?<\/strong><\/p>\n\n\n\n<p>Una cookie es un fichero que se descarga en su ordenador al acceder a determinadas p\u00e1ginas web. Las cookies permiten a una p\u00e1gina web, entre otras cosas, almacenar y recuperar informaci\u00f3n sobre los h\u00e1bitos de navegaci\u00f3n de un usuario o de su equipo y, dependiendo de la informaci\u00f3n que contengan y de la forma en que utilice su equipo, pueden utilizarse para reconocer al usuario.<\/p>\n\n\n\n<p>El conjunto de &#8220;cookies&#8221; de todos nuestros usuarios nos ayuda a mejorar la calidad de nuestra web, permiti\u00e9ndonos controlar qu\u00e9 p\u00e1ginas son \u00fatiles, cu\u00e1les no y cu\u00e1les son susceptibles de mejora. Las cookies son esenciales para el funcionamiento de internet, aportando innumerables ventajas en la prestaci\u00f3n de servicios interactivos, facilit\u00e1ndote la navegaci\u00f3n y usabilidad de nuestra web. En ning\u00fan caso las cookies podr\u00edan da\u00f1ar tu equipo. Por contra, el que est\u00e9n activas nos ayuda a identificar y resolver los errores.<\/p>\n\n\n\n<p>Las cookies no te identifican personalmente y no suponen ning\u00fan riesgo para tu ordenador o dispositivo m\u00f3vil. No son virus ni software esp\u00eda. Simplemente son herramientas utilizadas por los sitios web que visitas para mejorar tu navegaci\u00f3n, para que tus datos viajen por la red seguros, para ayudarnos a entender qu\u00e9 informaci\u00f3n de nuestra web es m\u00e1s \u00fatil para nuestros usuarios o para saber qu\u00e9 ofertas pueden ser del inter\u00e9s de cada usuario. Y todo ello de una manera totalmente an\u00f3nima: nunca sabremos tu nombre, direcci\u00f3n o tel\u00e9fono a menos que t\u00fa nos los facilites.&nbsp;T\u00fa decides si permites o no las cookies, pero si decides no permitirlas, debes bloquearlas en tu navegador. Antes de bloquearlas, queremos ayudarte mejor a entender c\u00f3mo se usan las cookies.<\/p>\n\n\n\n<p>Adem\u00e1s, debes tener en cuenta que, si decides no permitir el uso de cookies puede que algunas caracter\u00edsticas de la web no funcionen correctamente y, adem\u00e1s, no podremos adaptar la informaci\u00f3n que te ofrecemos a tus intereses.<\/p>\n\n\n\n<p><strong>Tipos de cookies:<\/strong><\/p>\n\n\n\n<p>Seg\u00fan la entidad que la gestiona, las cookies pueden ser:<\/p>\n\n\n\n<ul class=\"wp-block-list\">\n<li><strong>Cookies propias: <\/strong>Son aquellas que se env\u00edan a tu equipo desde nuestros propios equipos o dominios y desde el que prestamos el servicio que nos solicitas.<\/li>\n\n\n\n<li><strong>Cookies de terceros: <\/strong>Son aquellas que se env\u00edan a tu equipo desde un equipo o dominio que no es gestionado por nosotros, sino por otra entidad colaboradora.<\/li>\n<\/ul>\n\n\n\n<p>Seg\u00fan el plazo de tiempo que permanecen activadas:<\/p>\n\n\n\n<ul class=\"wp-block-list\">\n<li><strong>Cookies de sesi\u00f3n: <\/strong>Son cookies temporales que permanecen en el archivo de cookies de tu navegador hasta que abandonas la p\u00e1gina web, por lo que ninguna queda registrada en el disco duro de tu ordenador. La informaci\u00f3n obtenida por medio de estas cookies, sirven para analizar pautas de tr\u00e1fico en la web. A la larga, esto nos permite proporcionar una mejor experiencia para mejorar el contenido y facilitar su uso.<\/li>\n\n\n\n<li><strong>Cookies persistentes: <\/strong>Son almacenadas en el disco duro y nuestra web las lee cada vez que realizas una nueva visita. Una web permanente posee una fecha de expiraci\u00f3n determinada. La cookie dejar\u00e1 de funcionar despu\u00e9s de esa fecha. Estas cookies las utilizamos, generalmente, para facilitar los servicios de compra y registro.&nbsp;<\/li>\n<\/ul>\n\n\n\n<p>Seg\u00fan su finalidad:&nbsp;<\/p>\n\n\n\n<ul class=\"wp-block-list\">\n<li><strong>Cookies t\u00e9cnicas<\/strong>: Son aquellas necesarias para la navegaci\u00f3n y el buen funcionamiento de nuestra p\u00e1gina web. Permiten, por ejemplo, controlar el tr\u00e1fico y la comunicaci\u00f3n de datos, acceder a partes de acceso restringido, utilizar elementos de seguridad, almacenar contenidos para poder difundir v\u00eddeos o compartir contenidos a trav\u00e9s de redes sociales.<\/li>\n\n\n\n<li><strong>Cookies de an\u00e1lisis<\/strong>: Son aquellas que son tratadas por nosotros o por terceros, nos permiten cuantificar el n\u00famero de usuarios y as\u00ed realizar la medici\u00f3n y an\u00e1lisis estad\u00edstico de la utilizaci\u00f3n que hacen los usuarios del servicio ofertado. Para ello se analiza la navegaci\u00f3n en nuestra p\u00e1gina web con el fin de mejorar la misma.<\/li>\n\n\n\n<li><strong>Cookies de sesi\u00f3n<\/strong>: Son cookies temporales que permanecen en el archivo de cookies de su navegador hasta que abandone la p\u00e1gina web, por lo que ninguna queda registrada en el disco duro del usuario. La informaci\u00f3n obtenida por medio de estas cookies, sirven para analizar pautas de tr\u00e1fico en la web. A la larga, esto nos permite proporcionar una mejor experiencia para mejorar el contenido y facilitar su uso.<\/li>\n\n\n\n<li><strong>Cookies de personalizaci\u00f3n<\/strong>: Son aqu\u00e9llas que te permiten acceder al servicio con unas caracter\u00edsticas predefinidas en funci\u00f3n de una serie de criterios, como por ejemplo el idioma, el tipo de navegador a trav\u00e9s del cual se accede al servicio, la configuraci\u00f3n regional desde donde se accede al servicio, etc.<\/li>\n\n\n\n<li><strong>Cookies publicitarias:<\/strong> Son aqu\u00e9llas que permiten la gesti\u00f3n, de la forma m\u00e1s eficaz posible, de los espacios publicitarios que se pudieran incluir en nuestra p\u00e1gina web.<\/li>\n\n\n\n<li><strong>Cookies de publicidad comportamental:<\/strong> Estas cookies almacenan informaci\u00f3n del comportamiento de los usuarios obtenida a trav\u00e9s de la observaci\u00f3n continuada. Gracias a ellas, podemos conocer los h\u00e1bitos de navegaci\u00f3n en internet y mostrarte publicidad relacionada con tu perfil de navegaci\u00f3n.<\/li>\n<\/ul>\n\n\n\n<p><strong>Eliminar o bloquejar les cookies:<\/strong><\/p>\n\n\n\n<p>Pots permetre, bloquejar o eliminar les cookies instal\u00b7lades en el seu equip mitjan\u00e7ant la configuraci\u00f3 de les opcions del teu navegador d&#8217;Internet. En cas que no permetis la instal\u00b7laci\u00f3 de cookies en el teu navegador \u00e9s possible que no puguis accedir a alguns dels serveis i que la teva experi\u00e8ncia en la nostra web pugui resultar menys satisfact\u00f2ria.<\/p>\n\n\n\n<p><strong>Eliminar o bloquear las cookies:&nbsp;<\/strong><\/p>\n\n\n\n<p>Puedes permitir, bloquear o eliminar las cookies instaladas en su equipo mediante la configuraci\u00f3n de las opciones de tu navegador de Internet. En caso de que no permitas la instalaci\u00f3n de cookies en tu navegador es posible que no puedas acceder a algunos de los servicios y que tu experiencia en nuestra web pueda resultar menos satisfactoria.<\/p>\n\n\n\n<p>En los siguientes enlaces tienes a tu disposici\u00f3n toda la informaci\u00f3n para configurar o deshabilitar tus cookies en cada navegador:<\/p>\n\n\n\n<ul class=\"wp-block-list\">\n<li><strong>Mozilla Firefox<\/strong>: https:\/\/support.mozilla.org\/es\/kb\/habilitar-y-deshabilitar-cookies-sitios-web-rastrear-preferencias?redirectlocale=es&amp;redirectslug=habilitar-y-deshabilitar-cookies-que-los-sitios-we<\/li>\n\n\n\n<li><strong>Chrome<\/strong>: https:\/\/support.google.com\/chrome\/answer\/95647?hl=es\u00a0<\/li>\n\n\n\n<li><strong>Internet Explorer<\/strong>: https:\/\/support.microsoft.com\/es-es\/help\/17442\/windows-internet-explorer-delete-manage-cookies<\/li>\n\n\n\n<li><strong>Safari<\/strong>: http:\/\/support.apple.com\/kb\/ph5042<\/li>\n\n\n\n<li><strong>Opera<\/strong>: http:\/\/help.opera.com\/Windows\/11.50\/es-ES\/cookies.html<\/li>\n<\/ul>\n\n\n\n<p>En BLANCAFORT INFERMERS, S.L.P. nunca guardamos los datos personales de nuestros usuarios, a excepci\u00f3n de la direcci\u00f3n IP de acuerdo a lo descrito anteriormente, salvo que quieras registrarte, de forma voluntaria con el fin de realizar compras de los productos y servicios que ponemos a tu disposici\u00f3n o de recibir informaci\u00f3n sobre promociones y contenidos de tu inter\u00e9s. Al navegar y continuar en nuestra web nos indicas que est\u00e1s consintiendo el uso de las cookies antes enunciadas, y en las condiciones contenidas en la presente Pol\u00edtica de Cookies.<\/p>\n\n\n\n<p><\/p>\n\n\n\n<p><\/p>\n","protected":false},"excerpt":{"rendered":"<p>En BLANCAFORT INFERMERS, S.L.P. utilizamos cookies con el objetivo de prestar un mejor servicio y proporcionarte una mejor experiencia en tu navegaci\u00f3n. Queremos informarte de manera clara y precisa sobre las cookies que utilizamos, detallando a continuaci\u00f3n, que es una cookie, para que sirve, que tipos de cookies utilizamos, cuales son su finalidad y como [&hellip;]<\/p>\n","protected":false},"author":1,"featured_media":0,"parent":0,"menu_order":0,"comment_status":"closed","ping_status":"closed","template":"","meta":{"footnotes":""},"class_list":["post-12359","page","type-page","status-publish","hentry"],"yoast_head":"<!-- This site is optimized with the Yoast SEO plugin v20.13 - https:\/\/yoast.com\/wordpress\/plugins\/seo\/ -->\n<title>Pol\u00edtica De Cookies - Blancafort Infermers<\/title>\n<meta name=\"robots\" content=\"index, follow, max-snippet:-1, max-image-preview:large, max-video-preview:-1\" \/>\n<link rel=\"canonical\" href=\"https:\/\/blancafortinfermers.com\/ca\/politica-de-cookies\/\" \/>\n<meta property=\"og:locale\" content=\"es_ES\" \/>\n<meta property=\"og:type\" content=\"article\" \/>\n<meta property=\"og:title\" content=\"Pol\u00edtica De Cookies - Blancafort Infermers\" \/>\n<meta property=\"og:description\" content=\"En BLANCAFORT INFERMERS, S.L.P. utilizamos cookies con el objetivo de prestar un mejor servicio y proporcionarte una mejor experiencia en tu navegaci\u00f3n. Queremos informarte de manera clara y precisa sobre las cookies que utilizamos, detallando a continuaci\u00f3n, que es una cookie, para que sirve, que tipos de cookies utilizamos, cuales son su finalidad y como [&hellip;]\" \/>\n<meta property=\"og:url\" content=\"https:\/\/blancafortinfermers.com\/ca\/politica-de-cookies\/\" \/>\n<meta property=\"og:site_name\" content=\"Blancafort Infermers\" \/>\n<meta property=\"article:modified_time\" content=\"2023-07-13T11:02:35+00:00\" \/>\n<meta name=\"twitter:card\" content=\"summary_large_image\" \/>\n<meta name=\"twitter:label1\" content=\"Tiempo de lectura\" \/>\n\t<meta name=\"twitter:data1\" content=\"6 minutos\" \/>\n<script type=\"application\/ld+json\" class=\"yoast-schema-graph\">{\"@context\":\"https:\/\/schema.org\",\"@graph\":[{\"@type\":\"WebPage\",\"@id\":\"https:\/\/blancafortinfermers.com\/ca\/politica-de-cookies\/\",\"url\":\"https:\/\/blancafortinfermers.com\/ca\/politica-de-cookies\/\",\"name\":\"Pol\u00edtica De Cookies - Blancafort Infermers\",\"isPartOf\":{\"@id\":\"https:\/\/blancafortinfermers.com\/ca\/#website\"},\"datePublished\":\"2023-06-16T07:46:01+00:00\",\"dateModified\":\"2023-07-13T11:02:35+00:00\",\"breadcrumb\":{\"@id\":\"https:\/\/blancafortinfermers.com\/ca\/politica-de-cookies\/#breadcrumb\"},\"inLanguage\":\"es\",\"potentialAction\":[{\"@type\":\"ReadAction\",\"target\":[\"https:\/\/blancafortinfermers.com\/ca\/politica-de-cookies\/\"]}]},{\"@type\":\"BreadcrumbList\",\"@id\":\"https:\/\/blancafortinfermers.com\/ca\/politica-de-cookies\/#breadcrumb\",\"itemListElement\":[{\"@type\":\"ListItem\",\"position\":1,\"name\":\"Inici\",\"item\":\"https:\/\/blancafortinfermers.com\/es\/\"},{\"@type\":\"ListItem\",\"position\":2,\"name\":\"Pol\u00edtica De Cookies\"}]},{\"@type\":\"WebSite\",\"@id\":\"https:\/\/blancafortinfermers.com\/ca\/#website\",\"url\":\"https:\/\/blancafortinfermers.com\/ca\/\",\"name\":\"Blancafort Infermers\",\"description\":\"\",\"potentialAction\":[{\"@type\":\"SearchAction\",\"target\":{\"@type\":\"EntryPoint\",\"urlTemplate\":\"https:\/\/blancafortinfermers.com\/ca\/?s={search_term_string}\"},\"query-input\":\"required name=search_term_string\"}],\"inLanguage\":\"es\"}]}<\/script>\n<!-- \/ Yoast SEO plugin. -->","yoast_head_json":{"title":"Pol\u00edtica De Cookies - Blancafort Infermers","robots":{"index":"index","follow":"follow","max-snippet":"max-snippet:-1","max-image-preview":"max-image-preview:large","max-video-preview":"max-video-preview:-1"},"canonical":"https:\/\/blancafortinfermers.com\/ca\/politica-de-cookies\/","og_locale":"es_ES","og_type":"article","og_title":"Pol\u00edtica De Cookies - Blancafort Infermers","og_description":"En BLANCAFORT INFERMERS, S.L.P. utilizamos cookies con el objetivo de prestar un mejor servicio y proporcionarte una mejor experiencia en tu navegaci\u00f3n. Queremos informarte de manera clara y precisa sobre las cookies que utilizamos, detallando a continuaci\u00f3n, que es una cookie, para que sirve, que tipos de cookies utilizamos, cuales son su finalidad y como [&hellip;]","og_url":"https:\/\/blancafortinfermers.com\/ca\/politica-de-cookies\/","og_site_name":"Blancafort Infermers","article_modified_time":"2023-07-13T11:02:35+00:00","twitter_card":"summary_large_image","twitter_misc":{"Tiempo de lectura":"6 minutos"},"schema":{"@context":"https:\/\/schema.org","@graph":[{"@type":"WebPage","@id":"https:\/\/blancafortinfermers.com\/ca\/politica-de-cookies\/","url":"https:\/\/blancafortinfermers.com\/ca\/politica-de-cookies\/","name":"Pol\u00edtica De Cookies - Blancafort Infermers","isPartOf":{"@id":"https:\/\/blancafortinfermers.com\/ca\/#website"},"datePublished":"2023-06-16T07:46:01+00:00","dateModified":"2023-07-13T11:02:35+00:00","breadcrumb":{"@id":"https:\/\/blancafortinfermers.com\/ca\/politica-de-cookies\/#breadcrumb"},"inLanguage":"es","potentialAction":[{"@type":"ReadAction","target":["https:\/\/blancafortinfermers.com\/ca\/politica-de-cookies\/"]}]},{"@type":"BreadcrumbList","@id":"https:\/\/blancafortinfermers.com\/ca\/politica-de-cookies\/#breadcrumb","itemListElement":[{"@type":"ListItem","position":1,"name":"Inici","item":"https:\/\/blancafortinfermers.com\/es\/"},{"@type":"ListItem","position":2,"name":"Pol\u00edtica De Cookies"}]},{"@type":"WebSite","@id":"https:\/\/blancafortinfermers.com\/ca\/#website","url":"https:\/\/blancafortinfermers.com\/ca\/","name":"Blancafort Infermers","description":"","potentialAction":[{"@type":"SearchAction","target":{"@type":"EntryPoint","urlTemplate":"https:\/\/blancafortinfermers.com\/ca\/?s={search_term_string}"},"query-input":"required name=search_term_string"}],"inLanguage":"es"}]}},"_links":{"self":[{"href":"https:\/\/blancafortinfermers.com\/es\/wp-json\/wp\/v2\/pages\/12359","targetHints":{"allow":["GET"]}}],"collection":[{"href":"https:\/\/blancafortinfermers.com\/es\/wp-json\/wp\/v2\/pages"}],"about":[{"href":"https:\/\/blancafortinfermers.com\/es\/wp-json\/wp\/v2\/types\/page"}],"author":[{"embeddable":true,"href":"https:\/\/blancafortinfermers.com\/es\/wp-json\/wp\/v2\/users\/1"}],"replies":[{"embeddable":true,"href":"https:\/\/blancafortinfermers.com\/es\/wp-json\/wp\/v2\/comments?post=12359"}],"version-history":[{"count":2,"href":"https:\/\/blancafortinfermers.com\/es\/wp-json\/wp\/v2\/pages\/12359\/revisions"}],"predecessor-version":[{"id":12416,"href":"https:\/\/blancafortinfermers.com\/es\/wp-json\/wp\/v2\/pages\/12359\/revisions\/12416"}],"wp:attachment":[{"href":"https:\/\/blancafortinfermers.com\/es\/wp-json\/wp\/v2\/media?parent=12359"}],"curies":[{"name":"wp","href":"https:\/\/api.w.org\/{rel}","templated":true}]}}