{"id":12347,"date":"2023-06-13T09:16:24","date_gmt":"2023-06-13T09:16:24","guid":{"rendered":"https:\/\/blancafortinfermers.com\/empresa\/"},"modified":"2023-11-03T16:20:29","modified_gmt":"2023-11-03T16:20:29","slug":"empresa","status":"publish","type":"page","link":"https:\/\/blancafortinfermers.com\/es\/empresa\/","title":{"rendered":"Empresa"},"content":{"rendered":"<p><!-- title left --><br \/>\n\t\t\t\t\t\t\t<!-- icon position --><br \/>\n\t\t\t\t\t\t\t<!-- end icon position --><br \/>\n\t\t\t\t\t\t\t<!-- title top --><br \/>\n\t\t\t\t\t\t\t<!-- icon position --><br \/>\n\t\t\t\t\t\t\t<!-- end icon position --><br \/>\n\t\t\t\t\t\t\t<!-- title middle --><\/p>\n<h3>\n<h1>Nuestra Empresa<\/h1>\n<\/h3>\n<p>\t\t\t\t\t\t\t\t\t\t\t\t\t\t<!-- title bottom --><br \/>\n\t\t\t\t\t\t\t<!-- icon position --><br \/>\n\t\t\t\t\t\t\t<!-- image --><br \/>\n\t\t\t\t\t\t\t\t\t\t\t\t\t\t<!-- icon --><br \/>\n\t\t\t\t\t\t\t<!-- bar --><br \/>\n\t\t\t\t\t\t\t\t\t\t\t\t\t\t<!-- circle bar --><br \/>\n\t\t\t\t\t\t\t<!-- end icon position --><br \/>\n\t\t\t\t\t\t\t<!-- content --><\/p>\n<p>Blancafort Infermers somos una empresa de servicios sanitarios, que se inici\u00f3 en 1997 en Manresa a trav\u00e9s de una peque\u00f1a consulta de enfermer\u00eda, durante los a\u00f1os hemos ido creciendo gracias a la confianza de nuestros clientes y al buen hacer del equipo de trabajadores.<\/p>\n<p>Nuestra misi\u00f3n es ofrecer un servicio de enfermer\u00eda de calidad adaptado a las necesidades sanitarias de nuestros clientes, ya sean entidades o empresas.<br \/>\n<br \/>\nTenemos profesionales formados en los \u00e1mbitos de la enfermeria geriatria, salut p\u00fablica, urgencias pre-hospitalarias y gesti\u00f3n y administraci\u00f3n de servicios sanitarios.<\/p>\n<p>Actualmente estamos trabajando d\u00eda a d\u00eda en la:<br \/>\n-Gesti\u00f3n de la enfermer\u00eda del Monasterio de Montserrat.<br \/>\n&#8211; Gesti\u00f3n del servicio de primeros auxilios del Santuario de Montserrat. <br \/>\n-Gesti\u00f3n de la enfermer\u00eda escolar de la Escolan\u00eda de Montserrat.<br \/>\n-Gesti\u00f3n de la enfermer\u00eda Salesiana Mart\u00ed-Codolar de Barcelona<br \/>\n-Gesti\u00f3n de la enfermer\u00eda de Las Arcadias Mandri de Barcelona<\/p>\n<p>Tambi\u00e9n realizamos diversas formaciones y cursos, como por ejemplo cursos de soporte vital b\u00e1sico y uso del desfibrilador (svb-dea), pues somos centro formador y tenemos en plantilla instructores homologados por el CCR (consell catal\u00e0 de ressuscitaci\u00f3). Si est\u00e1 interesado en poder realizar esta formaci\u00f3n en su centro o trabajadores, cons\u00faltenos.\n <\/p>\n<p>\t\t\t\t\t\t\t<!-- inner title --><br \/>\n\t\t\t\t<!-- image --><br \/>\n\t\t\t\t\t\t\t\t\t<img decoding=\"async\" src=\"https:\/\/blancafortinfermers.com\/wp-content\/uploads\/2023\/06\/empresaimg.png\" alt=\"\" \/><br \/>\n\t\t\t\t\t<!-- number --><\/p>\n<h3>25 <\/h3>\n<p>\t\t\t\t\t\t\t\t\t\t<!-- symbol --><br \/>\n\t\t\t\t\t<!-- title --><\/p>\n<h4>A\u00d1OS<br \/>\nDE EXPERIENCIA <\/h4>\n<p>\t\t\t\t\t\t\t\t\t\t<!-- content --><br \/>\n\t\t\t\t <!-- counter part --><br \/>\n\t\t\t\t\t\t\t\t<!-- custom icon --><br \/>\n\t\t\t\t<!-- custom img --><br \/>\n\t\t\t\t\t<!-- number --><\/p>\n<h3>15000 <\/h3>\n<p>\t\t\t\t\t\t\t\t\t\t<!-- symbol --><br \/>\n\t\t\t\t\t\t\t\t\t\t\t+<br \/>\n\t\t\t\t\t\t\t\t\t\t<!-- content --><\/p>\n<h4>Horas anuales de atenci\u00f3n enfermera <\/h4>\n<p>\t\t\t\t <!-- counter part --><br \/>\n\t\t\t\t\t\t\t\t<!-- custom icon --><br \/>\n\t\t\t\t<!-- custom img --><br \/>\n\t\t\t\t\t<!-- number --><\/p>\n<h3>22000 <\/h3>\n<p>\t\t\t\t\t\t\t\t\t\t<!-- symbol --><br \/>\n\t\t\t\t\t\t\t\t\t\t\t+<br \/>\n\t\t\t\t\t\t\t\t\t\t<!-- content --><\/p>\n<h4>Horas anuales de cuidados de gerocultores\/as <\/h4>\n<p>\t\t\t\t <!-- counter part --><br \/>\n\t\t\t\t\t\t\t\t<!-- custom icon --><br \/>\n\t\t\t\t<!-- custom img --><br \/>\n\t\t\t\t\t<!-- number --><\/p>\n<h3>1000 <\/h3>\n<p>\t\t\t\t\t\t\t\t\t\t<!-- symbol --><br \/>\n\t\t\t\t\t\t\t\t\t\t\t+<br \/>\n\t\t\t\t\t\t\t\t\t\t<!-- content --><\/p>\n<h4>asistencias anuales en el servicio de primeros auxilios <\/h4>\n<p>\t\t\t\t <!-- counter part --><br \/>\n\t\t\t\t\t\t\t\t<!-- title center --><br \/>\n\t\t\t\t\t\t\t<!-- icon position --><br \/>\n\t\t\t\t\t\t\t<!-- end icon position --><br \/>\n\t\t\t\t\t\t\t<!-- title top --><br \/>\n\t\t\t\t\t\t\t<!-- icon position --><br \/>\n\t\t\t\t\t\t\t<!-- end icon position --><br \/>\n\t\t\t\t\t\t\t<!-- title middle --><\/p>\n<h3>Nuestros Clientes<\/h3>\n<p>\t\t\t\t\t\t\t\t\t\t\t\t\t\t<!-- title bottom --><br \/>\n\t\t\t\t\t\t\t<!-- image --><br \/>\n\t\t\t\t\t\t\t\t\t\t\t\t\t\t<!-- icon --><br \/>\n\t\t\t\t\t\t\t<!-- bar --><br \/>\n\t\t\t\t\t\t\t\t\t\t\t\t\t\t<!-- circle bar --><br \/>\n\t\t\t\t\t\t\t<!-- content --><br \/>\n\t\t\t\t\t\t\t<!-- inner title --><br \/>\n\t\t\t\t\t\t\t\t\t\t\t\t\t\t\t\t<a href=\"https:\/\/abadiamontserrat.cat\/\" target=\"_blank\" rel=\"noopener\"><br \/>\n\t\t\t\t\t\t\t<img decoding=\"async\" width=\"1024\" height=\"200\" src=\"https:\/\/blancafortinfermers.com\/wp-content\/uploads\/2023\/08\/logo-montserrat-1-1024x200.jpg\" alt=\"\" loading=\"lazy\" srcset=\"https:\/\/blancafortinfermers.com\/wp-content\/uploads\/2023\/08\/logo-montserrat-1-1024x200.jpg 1024w, https:\/\/blancafortinfermers.com\/wp-content\/uploads\/2023\/08\/logo-montserrat-1-300x59.jpg 300w, https:\/\/blancafortinfermers.com\/wp-content\/uploads\/2023\/08\/logo-montserrat-1-768x150.jpg 768w, https:\/\/blancafortinfermers.com\/wp-content\/uploads\/2023\/08\/logo-montserrat-1-1536x300.jpg 1536w, https:\/\/blancafortinfermers.com\/wp-content\/uploads\/2023\/08\/logo-montserrat-1.jpg 2025w\" sizes=\"auto, (max-width: 1024px) 100vw, 1024px\" \/>\t\t\t\t\t\t\t\t<\/a><br \/>\n\t\t\t\t\t\t\t\t\t\t\t\t\t\t\t\t<a href=\"https:\/\/lasarcadias.com\/ubicaciones\/mandri\/\" target=\"_blank\" rel=\"noopener\"><br \/>\n\t\t\t\t\t\t\t<img decoding=\"async\" width=\"756\" height=\"402\" src=\"https:\/\/blancafortinfermers.com\/wp-content\/uploads\/2023\/08\/Logo-Arcadias-Mandri-1.jpg\" alt=\"\" loading=\"lazy\" srcset=\"https:\/\/blancafortinfermers.com\/wp-content\/uploads\/2023\/08\/Logo-Arcadias-Mandri-1.jpg 756w, https:\/\/blancafortinfermers.com\/wp-content\/uploads\/2023\/08\/Logo-Arcadias-Mandri-1-300x160.jpg 300w\" sizes=\"auto, (max-width: 756px) 100vw, 756px\" \/>\t\t\t\t\t\t\t\t<\/a><br \/>\n\t\t\t\t\t\t\t\t\t\t\t\t\t\t\t\t<a href=\"https:\/\/marti-codolar.net\/ca\/marti-codolar\/\" target=\"_blank\" rel=\"noopener\"><br \/>\n\t\t\t\t\t\t\t<img decoding=\"async\" width=\"1024\" height=\"347\" src=\"https:\/\/blancafortinfermers.com\/wp-content\/uploads\/2023\/06\/logo-marti-codolar-1024x347.jpg\" alt=\"\" loading=\"lazy\" srcset=\"https:\/\/blancafortinfermers.com\/wp-content\/uploads\/2023\/06\/logo-marti-codolar-1024x347.jpg 1024w, https:\/\/blancafortinfermers.com\/wp-content\/uploads\/2023\/06\/logo-marti-codolar-300x102.jpg 300w, https:\/\/blancafortinfermers.com\/wp-content\/uploads\/2023\/06\/logo-marti-codolar-768x260.jpg 768w, https:\/\/blancafortinfermers.com\/wp-content\/uploads\/2023\/06\/logo-marti-codolar-1536x521.jpg 1536w, https:\/\/blancafortinfermers.com\/wp-content\/uploads\/2023\/06\/logo-marti-codolar-2048x694.jpg 2048w\" sizes=\"auto, (max-width: 1024px) 100vw, 1024px\" \/>\t\t\t\t\t\t\t\t<\/a><\/p>\n","protected":false},"excerpt":{"rendered":"<p>Nuestra Empresa Blancafort Infermers somos una empresa de servicios sanitarios, que se inici\u00f3 en 1997 en Manresa a trav\u00e9s de una peque\u00f1a consulta de enfermer\u00eda, durante los a\u00f1os hemos ido creciendo gracias a la confianza de nuestros clientes y al buen hacer del equipo de trabajadores. Nuestra misi\u00f3n es ofrecer un servicio de enfermer\u00eda de [&hellip;]<\/p>\n","protected":false},"author":1,"featured_media":0,"parent":0,"menu_order":0,"comment_status":"closed","ping_status":"closed","template":"template-home.php","meta":{"footnotes":""},"class_list":["post-12347","page","type-page","status-publish","hentry"],"yoast_head":"<!-- This site is optimized with the Yoast SEO plugin v20.13 - https:\/\/yoast.com\/wordpress\/plugins\/seo\/ -->\n<title>Empresa de servicios sanitarios y enfermer\u00eda en Barcelona<\/title>\n<meta name=\"description\" content=\"Blancafort Infermers somos una empresa de servicios sanitarios. Llevamos la gesti\u00f3n de enfermer\u00eda en grandes centros.\" \/>\n<meta name=\"robots\" content=\"index, follow, max-snippet:-1, max-image-preview:large, max-video-preview:-1\" \/>\n<link rel=\"canonical\" href=\"https:\/\/blancafortinfermers.com\/es\/empresa\/\" \/>\n<meta property=\"og:locale\" content=\"es_ES\" \/>\n<meta property=\"og:type\" content=\"article\" \/>\n<meta property=\"og:title\" content=\"Empresa de servicios sanitarios y enfermer\u00eda en Barcelona\" \/>\n<meta property=\"og:description\" content=\"Blancafort Infermers somos una empresa de servicios sanitarios. Llevamos la gesti\u00f3n de enfermer\u00eda en grandes centros.\" \/>\n<meta property=\"og:url\" content=\"https:\/\/blancafortinfermers.com\/es\/empresa\/\" \/>\n<meta property=\"og:site_name\" content=\"Blancafort Infermers\" \/>\n<meta property=\"article:modified_time\" content=\"2023-11-03T16:20:29+00:00\" \/>\n<meta property=\"og:image\" content=\"https:\/\/blancafortinfermers.com\/wp-content\/uploads\/2023\/06\/empresaimg.png\" \/>\n<meta name=\"twitter:card\" content=\"summary_large_image\" \/>\n<meta name=\"twitter:label1\" content=\"Tiempo de lectura\" \/>\n\t<meta name=\"twitter:data1\" content=\"2 minutos\" \/>\n<script type=\"application\/ld+json\" class=\"yoast-schema-graph\">{\"@context\":\"https:\/\/schema.org\",\"@graph\":[{\"@type\":\"WebPage\",\"@id\":\"https:\/\/blancafortinfermers.com\/es\/empresa\/\",\"url\":\"https:\/\/blancafortinfermers.com\/es\/empresa\/\",\"name\":\"Empresa de servicios sanitarios y enfermer\u00eda en Barcelona\",\"isPartOf\":{\"@id\":\"https:\/\/blancafortinfermers.com\/ca\/#website\"},\"datePublished\":\"2023-06-13T09:16:24+00:00\",\"dateModified\":\"2023-11-03T16:20:29+00:00\",\"description\":\"Blancafort Infermers somos una empresa de servicios sanitarios. Llevamos la gesti\u00f3n de enfermer\u00eda en grandes centros.\",\"breadcrumb\":{\"@id\":\"https:\/\/blancafortinfermers.com\/es\/empresa\/#breadcrumb\"},\"inLanguage\":\"es\",\"potentialAction\":[{\"@type\":\"ReadAction\",\"target\":[\"https:\/\/blancafortinfermers.com\/es\/empresa\/\"]}]},{\"@type\":\"BreadcrumbList\",\"@id\":\"https:\/\/blancafortinfermers.com\/es\/empresa\/#breadcrumb\",\"itemListElement\":[{\"@type\":\"ListItem\",\"position\":1,\"name\":\"Inici\",\"item\":\"https:\/\/blancafortinfermers.com\/es\/\"},{\"@type\":\"ListItem\",\"position\":2,\"name\":\"Empresa\"}]},{\"@type\":\"WebSite\",\"@id\":\"https:\/\/blancafortinfermers.com\/ca\/#website\",\"url\":\"https:\/\/blancafortinfermers.com\/ca\/\",\"name\":\"Blancafort Infermers\",\"description\":\"\",\"potentialAction\":[{\"@type\":\"SearchAction\",\"target\":{\"@type\":\"EntryPoint\",\"urlTemplate\":\"https:\/\/blancafortinfermers.com\/ca\/?s={search_term_string}\"},\"query-input\":\"required name=search_term_string\"}],\"inLanguage\":\"es\"}]}<\/script>\n<!-- \/ Yoast SEO plugin. -->","yoast_head_json":{"title":"Empresa de servicios sanitarios y enfermer\u00eda en Barcelona","description":"Blancafort Infermers somos una empresa de servicios sanitarios. Llevamos la gesti\u00f3n de enfermer\u00eda en grandes centros.","robots":{"index":"index","follow":"follow","max-snippet":"max-snippet:-1","max-image-preview":"max-image-preview:large","max-video-preview":"max-video-preview:-1"},"canonical":"https:\/\/blancafortinfermers.com\/es\/empresa\/","og_locale":"es_ES","og_type":"article","og_title":"Empresa de servicios sanitarios y enfermer\u00eda en Barcelona","og_description":"Blancafort Infermers somos una empresa de servicios sanitarios. Llevamos la gesti\u00f3n de enfermer\u00eda en grandes centros.","og_url":"https:\/\/blancafortinfermers.com\/es\/empresa\/","og_site_name":"Blancafort Infermers","article_modified_time":"2023-11-03T16:20:29+00:00","og_image":[{"url":"https:\/\/blancafortinfermers.com\/wp-content\/uploads\/2023\/06\/empresaimg.png"}],"twitter_card":"summary_large_image","twitter_misc":{"Tiempo de lectura":"2 minutos"},"schema":{"@context":"https:\/\/schema.org","@graph":[{"@type":"WebPage","@id":"https:\/\/blancafortinfermers.com\/es\/empresa\/","url":"https:\/\/blancafortinfermers.com\/es\/empresa\/","name":"Empresa de servicios sanitarios y enfermer\u00eda en Barcelona","isPartOf":{"@id":"https:\/\/blancafortinfermers.com\/ca\/#website"},"datePublished":"2023-06-13T09:16:24+00:00","dateModified":"2023-11-03T16:20:29+00:00","description":"Blancafort Infermers somos una empresa de servicios sanitarios. Llevamos la gesti\u00f3n de enfermer\u00eda en grandes centros.","breadcrumb":{"@id":"https:\/\/blancafortinfermers.com\/es\/empresa\/#breadcrumb"},"inLanguage":"es","potentialAction":[{"@type":"ReadAction","target":["https:\/\/blancafortinfermers.com\/es\/empresa\/"]}]},{"@type":"BreadcrumbList","@id":"https:\/\/blancafortinfermers.com\/es\/empresa\/#breadcrumb","itemListElement":[{"@type":"ListItem","position":1,"name":"Inici","item":"https:\/\/blancafortinfermers.com\/es\/"},{"@type":"ListItem","position":2,"name":"Empresa"}]},{"@type":"WebSite","@id":"https:\/\/blancafortinfermers.com\/ca\/#website","url":"https:\/\/blancafortinfermers.com\/ca\/","name":"Blancafort Infermers","description":"","potentialAction":[{"@type":"SearchAction","target":{"@type":"EntryPoint","urlTemplate":"https:\/\/blancafortinfermers.com\/ca\/?s={search_term_string}"},"query-input":"required name=search_term_string"}],"inLanguage":"es"}]}},"_links":{"self":[{"href":"https:\/\/blancafortinfermers.com\/es\/wp-json\/wp\/v2\/pages\/12347","targetHints":{"allow":["GET"]}}],"collection":[{"href":"https:\/\/blancafortinfermers.com\/es\/wp-json\/wp\/v2\/pages"}],"about":[{"href":"https:\/\/blancafortinfermers.com\/es\/wp-json\/wp\/v2\/types\/page"}],"author":[{"embeddable":true,"href":"https:\/\/blancafortinfermers.com\/es\/wp-json\/wp\/v2\/users\/1"}],"replies":[{"embeddable":true,"href":"https:\/\/blancafortinfermers.com\/es\/wp-json\/wp\/v2\/comments?post=12347"}],"version-history":[{"count":20,"href":"https:\/\/blancafortinfermers.com\/es\/wp-json\/wp\/v2\/pages\/12347\/revisions"}],"predecessor-version":[{"id":12689,"href":"https:\/\/blancafortinfermers.com\/es\/wp-json\/wp\/v2\/pages\/12347\/revisions\/12689"}],"wp:attachment":[{"href":"https:\/\/blancafortinfermers.com\/es\/wp-json\/wp\/v2\/media?parent=12347"}],"curies":[{"name":"wp","href":"https:\/\/api.w.org\/{rel}","templated":true}]}}