{"id":11708,"date":"2023-06-16T07:46:01","date_gmt":"2023-06-16T07:46:01","guid":{"rendered":"https:\/\/blancafortinfermers.com\/?page_id=11708"},"modified":"2023-07-13T11:42:09","modified_gmt":"2023-07-13T11:42:09","slug":"politica-de-cookies","status":"publish","type":"page","link":"https:\/\/blancafortinfermers.com\/ca\/politica-de-cookies\/","title":{"rendered":"Pol\u00edtica De Cookies"},"content":{"rendered":"\n<p><\/p>\n\n\n\n<p><\/p>\n\n\n\n<p>A BLANCAFORT INFERMERS, S.L.P. utilitzem cookies amb l&#8217;objectiu de prestar un millor servei i proporcionar-te una millor experi\u00e8ncia en la teva navegaci\u00f3. Volem informar-te de manera clara i precisa sobre les cookies que utilitzem, detallant a continuaci\u00f3, que \u00e9s una *cookie, perqu\u00e8 serveix, que tipus de cookies utilitzem, quals s\u00f3n la seva finalitat i com pots configurar-les o deshabilitar-les si aix\u00ed ho desitges.<\/p>\n\n\n\n<p><strong>Qu\u00e8 s\u00f3n les cookies?<\/strong><\/p>\n\n\n\n<p>Una cookie \u00e9s un fitxer que es descarrega en el seu ordinador en accedir a determinades p\u00e0gines web. Les cookies permeten a una p\u00e0gina web, entre altres coses, emmagatzemar i recuperar informaci\u00f3 sobre els h\u00e0bits de navegaci\u00f3 d&#8217;un usuari o del seu equip i, depenent de la informaci\u00f3 que continguin i de la forma en qu\u00e8 utilitzi el seu equip, poden utilitzar-se per a recon\u00e8ixer a l&#8217;usuari.<\/p>\n\n\n\n<p>El conjunt de &#8220;cookies&#8221; de tots els nostres usuaris ens ajuda a millorar la qualitat de la nostra web, permetent-nos controlar quines p\u00e0gines s\u00f3n \u00fatils, quins no i quins s\u00f3n susceptibles de millora. Les cookies s\u00f3n essencials per al funcionament d&#8217;internet, aportant innombrables avantatges en la prestaci\u00f3 de serveis interactius, facilitant-te la navegaci\u00f3 i usabilitat de la nostra web. En cap cas les cookies podrien danyar el teu equip. Per contra, el que estiguin actives ens ajuda a identificar i resoldre els errors.<\/p>\n\n\n\n<p>Les cookies no t&#8217;identifiquen personalment i no suposen cap risc per al teu ordinador o dispositiu m\u00f2bil. No s\u00f3n virus ni programari espia. Simplement s\u00f3n eines utilitzades pels llocs web que visites per a millorar la teva navegaci\u00f3, perqu\u00e8 les teves dades viatgin per la xarxa segurs, per a ajudar-nos a entendre quina informaci\u00f3 de la nostra web \u00e9s m\u00e9s \u00fatil per als nostres usuaris o per a saber quines ofertes poden ser de l&#8217;inter\u00e8s de cada usuari. I tot aix\u00f2 d&#8217;una manera totalment an\u00f2nima: mai sabrem el teu nom, adre\u00e7a o tel\u00e8fon tret que tu ens els facilitis. Tu decideixes si permets o no les cookies, per\u00f2 si decideixes no permetre-les, has de bloquejar-les en el teu navegador. Abans de bloquejar-les, volem ajudar-te millor a entendre com s&#8217;usen les cookies.<\/p>\n\n\n\n<p>A m\u00e9s, has de tenir en compte que, si decideixes no permetre l&#8217;\u00fas de cookies pot ser que algunes caracter\u00edstiques de la web no funcionin correctament i, a m\u00e9s, no podrem adaptar la informaci\u00f3 que t&#8217;oferim als teus interessos.<\/p>\n\n\n\n<p><strong>Tipus de cookies:<\/strong><\/p>\n\n\n\n<p>Segons l&#8217;entitat que la gestiona, les cookies poden ser:<br><strong>Cookies pr\u00f2pies:<\/strong> S\u00f3n aquelles que s&#8217;envien al teu equip des dels nostres propis equips o dominis i des del qual prestem el servei que ens sol\u00b7licites.<br><strong>Cookies de tercers: <\/strong>S\u00f3n aquelles que s&#8217;envien al teu equip des d&#8217;un equip o domini que no \u00e9s gestionat per nosaltres, sin\u00f3 per una altra entitat col\u00b7laboradora.<\/p>\n\n\n\n<p>Segons el termini de temps que romanen activades:<br><strong>Cookies de sessi\u00f3:<\/strong> S\u00f3n cookies temporals que romanen en l&#8217;arxiu de cookies del teu navegador fins que abandones la p\u00e0gina web, per la qual cosa cap queda registrada en el disc dur del teu ordinador. La informaci\u00f3 obtinguda per mitj\u00e0 d&#8217;aquestes cookies, serveixen per a analitzar pautes de tr\u00e0nsit en la web. A la llarga, aix\u00f2 ens permet proporcionar una millor experi\u00e8ncia per a millorar el contingut i facilitar el seu \u00fas.<br><strong>Cookies persistents:<\/strong> S\u00f3n emmagatzemades en el disc dur i la nostra web les llegeix cada vegada que realitzes una nova visita. Una web permanent posseeix una data d&#8217;expiraci\u00f3 determinada. La *cookie deixar\u00e0 de funcionar despr\u00e9s d&#8217;aquesta data. Aquestes cookies les utilitzem, generalment, per a facilitar els serveis de compra i registre.<\/p>\n\n\n\n<p>Segons la seva finalitat:<br><strong>Cookies t\u00e8cniques: <\/strong>S\u00f3n aquelles necess\u00e0ries per a la navegaci\u00f3 i el bon funcionament de la nostra p\u00e0gina web. Permeten, per exemple, controlar el tr\u00e0nsit i la comunicaci\u00f3 de dades, accedir a parts d&#8217;acc\u00e9s restringit, utilitzar elements de seguretat, emmagatzemar continguts per a poder difondre v\u00eddeos o compartir continguts a trav\u00e9s de xarxes socials.<br><strong>Cookies d&#8217;an\u00e0lisis:<\/strong> S\u00f3n aquelles que s\u00f3n tractades per nosaltres o per tercers, ens permeten quantificar el nombre d&#8217;usuaris i aix\u00ed realitzar el mesurament i an\u00e0lisi estad\u00edstica de la utilitzaci\u00f3 que fan els usuaris del servei ofert. Per a aix\u00f2 s&#8217;analitza la navegaci\u00f3 en la nostra p\u00e0gina web amb la finalitat de millorar la mateixa.<br><strong>Cookies de sessi\u00f3: <\/strong>S\u00f3n cookies temporals que romanen en l&#8217;arxiu de cookies del seu navegador fins que abandoni la p\u00e0gina web, per la qual cosa cap queda registrada en el disc dur de l&#8217;usuari. La informaci\u00f3 obtinguda per mitj\u00e0 d&#8217;aquestes cookies, serveixen per a analitzar pautes de tr\u00e0nsit en la web. A la llarga, aix\u00f2 ens permet proporcionar una millor experi\u00e8ncia per a millorar el contingut i facilitar el seu \u00fas.<br><strong>Cookies de personalitzaci\u00f3:<\/strong> S\u00f3n aquelles que et permeten accedir al servei amb unes caracter\u00edstiques predefinides en funci\u00f3 d&#8217;una s\u00e8rie de criteris, com per exemple l&#8217;idioma, el tipus de navegador a trav\u00e9s del qual s&#8217;accedeix al servei, la configuraci\u00f3 regional des d&#8217;on s&#8217;accedeix al servei, etc.<br><strong>Cookies publicit\u00e0ries:<\/strong> S\u00f3n aquelles que permeten la gesti\u00f3, de la forma m\u00e9s efica\u00e7 possible, dels espais publicitaris que es poguessin incloure en la nostra p\u00e0gina web.<br><strong>Cookies de publicitat comportamental:<\/strong> Aquestes cookies emmagatzemen informaci\u00f3 del comportament dels usuaris obtinguda a trav\u00e9s de l&#8217;observaci\u00f3 continuada. Gr\u00e0cies a elles, podem con\u00e8ixer els h\u00e0bits de navegaci\u00f3 en internet i mostrar-te publicitat relacionada amb el teu perfil de navegaci\u00f3.<\/p>\n\n\n\n<p><strong>Eliminar o bloquejar les cookies:<\/strong><\/p>\n\n\n\n<p>Pots permetre, bloquejar o eliminar les cookies instal\u00b7lades en el seu equip mitjan\u00e7ant la configuraci\u00f3 de les opcions del teu navegador d&#8217;Internet. En cas que no permetis la instal\u00b7laci\u00f3 de cookies en el teu navegador \u00e9s possible que no puguis accedir a alguns dels serveis i que la teva experi\u00e8ncia en la nostra web pugui resultar menys satisfact\u00f2ria.<\/p>\n\n\n\n<p>En els seg\u00fcents enlla\u00e7os tens a la teva disposici\u00f3 tota la informaci\u00f3 per a configurar o deshabilitar les teves cookies en cada navegador:<\/p>\n\n\n\n<p><strong>Mozilla Firefox: <\/strong><br>https:\/\/support.mozilla.org\/es\/kb\/habilitar-y-deshabilitar-cookies-sitios-web-rastrear-preferencias?redirectlocale=es&amp;redirectslug=habilitar-y-deshabilitar-cookies-que-los-sitios-we<br><strong>Chrome: <\/strong><br>https:\/\/support.google.com\/chrome\/answer\/95647?hl=es<br><strong>Internet Explorer:<\/strong> <br>https:\/\/support.microsoft.com\/es-es\/help\/17442\/windows-internet-explorer-delete-manage-cookies<br><strong>Safari:<\/strong> <br>http:\/\/support.apple.com\/kb\/ph5042<br><strong>Opera:<\/strong> <br>http:\/\/help.opera.com\/windows\/11.50\/es-es\/cookies.html<\/p>\n\n\n\n<p>A BLANCAFORT INFERMERS, S.L.P. mai guardem les dades personals dels nostres usuaris, a excepci\u00f3 de l&#8217;adre\u00e7a IP d&#8217;acord amb el descrit anteriorment, tret que vulguis registrar-te, de manera volunt\u00e0ria amb la finalitat de realitzar compres dels productes i serveis que posem a la teva disposici\u00f3 o de rebre informaci\u00f3 sobre promocions i continguts del teu inter\u00e8s. En navegar i continuar en la nostra web ens indiques que est\u00e0s consentint l&#8217;\u00fas de les cookies abans enunciades, i en les condicions contingudes en la present Pol\u00edtica de Cookies.<\/p>\n\n\n\n<p><\/p>\n\n\n\n<p><\/p>\n","protected":false},"excerpt":{"rendered":"<p>A BLANCAFORT INFERMERS, S.L.P. utilitzem cookies amb l&#8217;objectiu de prestar un millor servei i proporcionar-te una millor experi\u00e8ncia en la teva navegaci\u00f3. Volem informar-te de manera clara i precisa sobre les cookies que utilitzem, detallant a continuaci\u00f3, que \u00e9s una *cookie, perqu\u00e8 serveix, que tipus de cookies utilitzem, quals s\u00f3n la seva finalitat i com [&hellip;]<\/p>\n","protected":false},"author":1,"featured_media":0,"parent":0,"menu_order":0,"comment_status":"closed","ping_status":"closed","template":"","meta":{"footnotes":""},"class_list":["post-11708","page","type-page","status-publish","hentry"],"yoast_head":"<!-- This site is optimized with the Yoast SEO plugin v20.13 - https:\/\/yoast.com\/wordpress\/plugins\/seo\/ -->\n<title>Pol\u00edtica De Cookies - Blancafort Infermers<\/title>\n<meta name=\"robots\" content=\"index, follow, max-snippet:-1, max-image-preview:large, max-video-preview:-1\" \/>\n<link rel=\"canonical\" href=\"https:\/\/blancafortinfermers.com\/ca\/politica-de-cookies\/\" \/>\n<meta property=\"og:locale\" content=\"ca_ES\" \/>\n<meta property=\"og:type\" content=\"article\" \/>\n<meta property=\"og:title\" content=\"Pol\u00edtica De Cookies - Blancafort Infermers\" \/>\n<meta property=\"og:description\" content=\"A BLANCAFORT INFERMERS, S.L.P. utilitzem cookies amb l&#8217;objectiu de prestar un millor servei i proporcionar-te una millor experi\u00e8ncia en la teva navegaci\u00f3. Volem informar-te de manera clara i precisa sobre les cookies que utilitzem, detallant a continuaci\u00f3, que \u00e9s una *cookie, perqu\u00e8 serveix, que tipus de cookies utilitzem, quals s\u00f3n la seva finalitat i com [&hellip;]\" \/>\n<meta property=\"og:url\" content=\"https:\/\/blancafortinfermers.com\/ca\/politica-de-cookies\/\" \/>\n<meta property=\"og:site_name\" content=\"Blancafort Infermers\" \/>\n<meta property=\"article:modified_time\" content=\"2023-07-13T11:42:09+00:00\" \/>\n<meta name=\"twitter:card\" content=\"summary_large_image\" \/>\n<meta name=\"twitter:label1\" content=\"Temps estimat de lectura\" \/>\n\t<meta name=\"twitter:data1\" content=\"6 minuts\" \/>\n<script type=\"application\/ld+json\" class=\"yoast-schema-graph\">{\"@context\":\"https:\/\/schema.org\",\"@graph\":[{\"@type\":\"WebPage\",\"@id\":\"https:\/\/blancafortinfermers.com\/ca\/politica-de-cookies\/\",\"url\":\"https:\/\/blancafortinfermers.com\/ca\/politica-de-cookies\/\",\"name\":\"Pol\u00edtica De Cookies - Blancafort Infermers\",\"isPartOf\":{\"@id\":\"https:\/\/blancafortinfermers.com\/ca\/#website\"},\"datePublished\":\"2023-06-16T07:46:01+00:00\",\"dateModified\":\"2023-07-13T11:42:09+00:00\",\"breadcrumb\":{\"@id\":\"https:\/\/blancafortinfermers.com\/ca\/politica-de-cookies\/#breadcrumb\"},\"inLanguage\":\"ca\",\"potentialAction\":[{\"@type\":\"ReadAction\",\"target\":[\"https:\/\/blancafortinfermers.com\/ca\/politica-de-cookies\/\"]}]},{\"@type\":\"BreadcrumbList\",\"@id\":\"https:\/\/blancafortinfermers.com\/ca\/politica-de-cookies\/#breadcrumb\",\"itemListElement\":[{\"@type\":\"ListItem\",\"position\":1,\"name\":\"Inici\",\"item\":\"https:\/\/blancafortinfermers.com\/ca\/\"},{\"@type\":\"ListItem\",\"position\":2,\"name\":\"Pol\u00edtica De Cookies\"}]},{\"@type\":\"WebSite\",\"@id\":\"https:\/\/blancafortinfermers.com\/ca\/#website\",\"url\":\"https:\/\/blancafortinfermers.com\/ca\/\",\"name\":\"Blancafort Infermers\",\"description\":\"\",\"potentialAction\":[{\"@type\":\"SearchAction\",\"target\":{\"@type\":\"EntryPoint\",\"urlTemplate\":\"https:\/\/blancafortinfermers.com\/ca\/?s={search_term_string}\"},\"query-input\":\"required name=search_term_string\"}],\"inLanguage\":\"ca\"}]}<\/script>\n<!-- \/ Yoast SEO plugin. -->","yoast_head_json":{"title":"Pol\u00edtica De Cookies - Blancafort Infermers","robots":{"index":"index","follow":"follow","max-snippet":"max-snippet:-1","max-image-preview":"max-image-preview:large","max-video-preview":"max-video-preview:-1"},"canonical":"https:\/\/blancafortinfermers.com\/ca\/politica-de-cookies\/","og_locale":"ca_ES","og_type":"article","og_title":"Pol\u00edtica De Cookies - Blancafort Infermers","og_description":"A BLANCAFORT INFERMERS, S.L.P. utilitzem cookies amb l&#8217;objectiu de prestar un millor servei i proporcionar-te una millor experi\u00e8ncia en la teva navegaci\u00f3. Volem informar-te de manera clara i precisa sobre les cookies que utilitzem, detallant a continuaci\u00f3, que \u00e9s una *cookie, perqu\u00e8 serveix, que tipus de cookies utilitzem, quals s\u00f3n la seva finalitat i com [&hellip;]","og_url":"https:\/\/blancafortinfermers.com\/ca\/politica-de-cookies\/","og_site_name":"Blancafort Infermers","article_modified_time":"2023-07-13T11:42:09+00:00","twitter_card":"summary_large_image","twitter_misc":{"Temps estimat de lectura":"6 minuts"},"schema":{"@context":"https:\/\/schema.org","@graph":[{"@type":"WebPage","@id":"https:\/\/blancafortinfermers.com\/ca\/politica-de-cookies\/","url":"https:\/\/blancafortinfermers.com\/ca\/politica-de-cookies\/","name":"Pol\u00edtica De Cookies - Blancafort Infermers","isPartOf":{"@id":"https:\/\/blancafortinfermers.com\/ca\/#website"},"datePublished":"2023-06-16T07:46:01+00:00","dateModified":"2023-07-13T11:42:09+00:00","breadcrumb":{"@id":"https:\/\/blancafortinfermers.com\/ca\/politica-de-cookies\/#breadcrumb"},"inLanguage":"ca","potentialAction":[{"@type":"ReadAction","target":["https:\/\/blancafortinfermers.com\/ca\/politica-de-cookies\/"]}]},{"@type":"BreadcrumbList","@id":"https:\/\/blancafortinfermers.com\/ca\/politica-de-cookies\/#breadcrumb","itemListElement":[{"@type":"ListItem","position":1,"name":"Inici","item":"https:\/\/blancafortinfermers.com\/ca\/"},{"@type":"ListItem","position":2,"name":"Pol\u00edtica De Cookies"}]},{"@type":"WebSite","@id":"https:\/\/blancafortinfermers.com\/ca\/#website","url":"https:\/\/blancafortinfermers.com\/ca\/","name":"Blancafort Infermers","description":"","potentialAction":[{"@type":"SearchAction","target":{"@type":"EntryPoint","urlTemplate":"https:\/\/blancafortinfermers.com\/ca\/?s={search_term_string}"},"query-input":"required name=search_term_string"}],"inLanguage":"ca"}]}},"_links":{"self":[{"href":"https:\/\/blancafortinfermers.com\/ca\/wp-json\/wp\/v2\/pages\/11708","targetHints":{"allow":["GET"]}}],"collection":[{"href":"https:\/\/blancafortinfermers.com\/ca\/wp-json\/wp\/v2\/pages"}],"about":[{"href":"https:\/\/blancafortinfermers.com\/ca\/wp-json\/wp\/v2\/types\/page"}],"author":[{"embeddable":true,"href":"https:\/\/blancafortinfermers.com\/ca\/wp-json\/wp\/v2\/users\/1"}],"replies":[{"embeddable":true,"href":"https:\/\/blancafortinfermers.com\/ca\/wp-json\/wp\/v2\/comments?post=11708"}],"version-history":[{"count":6,"href":"https:\/\/blancafortinfermers.com\/ca\/wp-json\/wp\/v2\/pages\/11708\/revisions"}],"predecessor-version":[{"id":12425,"href":"https:\/\/blancafortinfermers.com\/ca\/wp-json\/wp\/v2\/pages\/11708\/revisions\/12425"}],"wp:attachment":[{"href":"https:\/\/blancafortinfermers.com\/ca\/wp-json\/wp\/v2\/media?parent=11708"}],"curies":[{"name":"wp","href":"https:\/\/api.w.org\/{rel}","templated":true}]}}