{"id":11706,"date":"2023-06-16T07:45:23","date_gmt":"2023-06-16T07:45:23","guid":{"rendered":"https:\/\/blancafortinfermers.com\/?page_id=11706"},"modified":"2023-06-26T06:57:22","modified_gmt":"2023-06-26T06:57:22","slug":"politica-de-privacitat","status":"publish","type":"page","link":"https:\/\/blancafortinfermers.com\/ca\/politica-de-privacitat\/","title":{"rendered":"Pol\u00edtica De Privacitat"},"content":{"rendered":"\n<p><\/p>\n\n\n\n<p>Per mitj\u00e0 d&#8217;aquest lloc web (BLANCAFORTINFERMERS.COM), es recullen dades de car\u00e0cter personal necessaris per a la gesti\u00f3 i manteniment d&#8217;alguns dels nostres serveis. <br><br>L&#8217;informem que EL TITULAR DEL LLOC WEB (Responsable del tractament) compleix con la Llei org\u00e0nica 3\/2018, de 5 de desembre, de Protecci\u00f3 de Dades de Car\u00e0cter Personal (d&#8217;ara endavant, *LOPD), el Reglament UE 2016\/679, de Protecci\u00f3 de Dades (d&#8217;ara endavant, *RGPD) i altra normativa vigent i d&#8217;aplicaci\u00f3 a cada moment, vetllant por garantir un correcte \u00fas i tractament de les dades personals de l&#8217;usuari.<\/p>\n\n\n\n<p>De conformitat amb l&#8217;article 13 del *RGPD i article 11 <em>LOPD, <\/em>aquesta Pol\u00edtica de Privacitat s&#8217;aplica als tractaments de dades de car\u00e0cter personal que BLANCAFORT INFERMERS, S.L.P., realitza com a Responsable del tractament, en relaci\u00f3 con les dades que els usuaris i\/o clientes (persones f\u00edsiques) faciliten a conseq\u00fc\u00e8ncia de la sol\u00b7licitud d&#8217;informaci\u00f3 i\/o contractaci\u00f3 dels serveis i\/o productes que presta i comercialitza a trav\u00e9s del seu web, o recaptats en qualsevol de les secciones del lloc web. <\/p>\n\n\n\n<p><\/p>\n\n\n\n<p><\/p>\n\n\n\n<p><strong>IDENTITAT DEL RESPONSABLE DEL TRACTAMENT DE LES SEVES DADES PERSONALS<\/strong><\/p>\n\n\n\n<p><strong>Responsable del tractament: <\/strong>BLANCAFORT INFERMERS, S.L.P.<\/p>\n\n\n\n<p><strong>Domicili:<\/strong> C\/ JACINTO VERDAGUER, 6 &#8211; 4 2a, 080241, MANRESA (BARCELONA)<\/p>\n\n\n\n<p><strong>CIF:<\/strong> B65935660 <\/p>\n\n\n\n<p><strong>Email:<\/strong> JORDI@BLANCAFORTINFERMERS.COM<\/p>\n\n\n\n<p><strong>Delegat de protecci\u00f3 de Dades (DPO):<\/strong> SERVEIS NORMATIUS LEGALS, S.L., i <strong>dades de contacte: <\/strong>dpo@sibgroup.es<\/p>\n\n\n\n<p><\/p>\n\n\n\n<p><\/p>\n\n\n\n<p><strong>FINALITATS DEL TRACTAMENT DE LES SEVES DADES PERSONALS<\/strong><\/p>\n\n\n\n<p>Les seves dades personals s&#8217;utilitzaran con la finalitat gen\u00e8rica de la gesti\u00f3 i control de la relaci\u00f3 comercial establerta i, espec\u00edficament per a: <\/p>\n\n\n\n<ul class=\"wp-block-list\">\n<li>Gestionar l&#8217;acc\u00e9s complet i la utilitzaci\u00f3 correcta dels serveis i\/o productes por parteix dels usuaris. <\/li>\n<\/ul>\n\n\n\n<ul class=\"wp-block-list\">\n<li>Per a comunicar con els usuaris en resposta a incid\u00e8ncies, sol\u00b7licituds, comentaris i preguntes que nos realitzi a trav\u00e9s dels serveis i\/o productes, aix\u00ed com als formularis de contacte de la nostra p\u00e0gina web (inclosos, correus electr\u00f2nics i\/o les trucades telef\u00f2niques).<\/li>\n<\/ul>\n\n\n\n<ul class=\"wp-block-list\">\n<li>Per a proporcionar, actualitzar, mantenir i protegir els serveis i\/o productes i activitats.<\/li>\n<\/ul>\n\n\n\n<ul class=\"wp-block-list\">\n<li>Per a oferir nous serveis i\/o productes, ofertes especials o actualitzacions. <\/li>\n<\/ul>\n\n\n\n<ul class=\"wp-block-list\">\n<li>En el seu cas, gestionar processos de selecci\u00f3 de personal en processos selectius de treballadors i\/o col\u00b7laboradors. <\/li>\n<\/ul>\n\n\n\n<ul class=\"wp-block-list\">\n<li>Comunicacions: Podrem enviar-li correus electr\u00f2nics, missatges i altres tipus de comunicaci\u00f3 referencia als serveis i\/o productes, q\u00fcestions t\u00e8cniques i canvis en aquests. Aquestes comunicacions es consideren part dels serveis i\/o productes i no pot renunciar a elles. <\/li>\n<\/ul>\n\n\n\n<ul class=\"wp-block-list\">\n<li>En el seu cas, comunicacions Comercials (M\u00e0rqueting): Podrem utilitzar les seves dades per a contactar-li, tant por via electr\u00f2nica com no electr\u00f2nica, per a realitzar enquestes, obtenir la seva opini\u00f3 sobre el servei prestat, i, ocasionalment, per a notificar-li canvis, desenvolupaments importants dels serveis i\/o productes, ofertes i\/o promociones dels nostres serveis i\/o productes o de terceres empreses relacionades con nosaltres. Aquestes ofertes comercials seran, en tot cas, autoritzades de manera expressa i separat por l&#8217;usuari que, pot revocar en qualsevol moment el seu consentiment a rebre aquestes notificacions utilitzant el mecanisme implementat a aquest efecte en aquestes, o b\u00e9, des de les prefer\u00e8ncies del compte del client.<\/li>\n<\/ul>\n\n\n\n<p>No tractarem les seves dades personals per a cap altra finalitat m\u00e9s enll\u00e0 de les descrites anteriorment tret que vengui imposada por llei o existeixi algun requeriment judicial.<\/p>\n\n\n\n<p><\/p>\n\n\n\n<p><\/p>\n\n\n\n<p><strong>TERMINI DE CONSERVACI\u00d3 <\/strong><\/p>\n\n\n\n<p>Les dades personals proporcionades es conservaran i tractaran mentre es mantingui la relaci\u00f3 de prestaci\u00f3 de serveis i\/o productes, sense perjudici de la possibilitat d&#8217;exercitar els seus drets en mat\u00e8ria de protecci\u00f3 de dades (acc\u00e9s, rectificaci\u00f3, supressi\u00f3, oposici\u00f3, limitaci\u00f3, portabilitat i a no ser objecte de decisions individuals automatitzades).<\/p>\n\n\n\n<p>Les dades personals de les persones interessades en la recepci\u00f3 d&#8217;informaci\u00f3 sobre els serveis i\/o productes es mantindran en el sistema de manera indefinida en tant l&#8217;interessat no sol\u00b7liciti la seva supressi\u00f3.<\/p>\n\n\n\n<p><\/p>\n\n\n\n<p><\/p>\n\n\n\n<p><strong>LEGITIMACI\u00d3 DEL TRACTAMENT <\/strong><\/p>\n\n\n\n<p>BLANCAFORT INFERMERS, S.L.P. tracta les seves dades personals d&#8217;acord con les dues (2) seg\u00fcents bases legals: <strong>Consentiment de l&#8217;interessat<\/strong> (1) i <strong>l&#8217;inter\u00e8s leg\u00edtim<\/strong> (2). <\/p>\n\n\n\n<p>1. <strong>El consentiment de l&#8217;interessat <\/strong>prestat per a les finalitats anteriorment descrites, que se sol\u00b7licitar\u00e0: <\/p>\n\n\n\n<ul class=\"wp-block-list\">\n<li>Abans de procedir a tractar les seves dades,<\/li>\n<\/ul>\n\n\n\n<ul class=\"wp-block-list\">\n<li>En el proc\u00e9s de registre com a client o,<\/li>\n<\/ul>\n\n\n\n<ul class=\"wp-block-list\">\n<li>En el moment d&#8217;enviar comunicacions de BLANCAFORT INFERMERS, S.L.P.<\/li>\n<\/ul>\n\n\n\n<p>Les sol\u00b7licituds d&#8217;informaci\u00f3 que nos faci llegar requereixen que l&#8217;interessat nos facilito de manera volunt\u00e0ria les dades necess\u00e0ries per a poder atendre-li o prestar-li els serveis i\/o productes. No obstant aix\u00f2, l&#8217;interessat pot lliurement negar-se a facilitar-nos aquestes dades o, posteriorment, revocar el consentiment pr\u00e8viament atorgat per a tractar les seves dades, si b\u00e9 aquesta negativa implicar\u00e0 la impossibilitat que puguem atendre la seva petici\u00f3.<\/p>\n\n\n\n<p>2. <strong>L&#8217;Inter\u00e8s leg\u00edtim<\/strong> de BLANCAFORT INFERMERS, S.L.P. a mantenir i fidelitzar als seus clients i\/o usuaris i atendre millor les seves expectatives o interessos pr\u00e8viament manifestats, ex.: millorar productes, gestionar sol\u00b7licituds, consultes o reclamacions, oferir productes similars als contractats, informar sobre promociones etc., sense perjudici del compliment por parteix de BLANCAFORT INFERMERS, S.L.P. de la resta d&#8217;obligacions relatives a l&#8217;enviament de comunicacions comercials por via electr\u00f2nica.<\/p>\n\n\n\n<p>BLANCAFORT INFERMERS, S.L.P. ent\u00e9n que, en facilitar-nos aquestes dades, l&#8217;interessat garanteix i es fa responsable de la veracitat, actualitat i exactitud dels mateixos i que accepta i consent expressament en el seu tractament per a les finalitats abans descrites.<\/p>\n\n\n\n<p><\/p>\n\n\n\n<p><\/p>\n\n\n\n<p><strong>DESTINATARIS DE CESSIONS O TRANSFER\u00c8NCIES<\/strong><\/p>\n\n\n\n<p>Amb car\u00e0cter general, BLANCAFORT INFERMERS, S.L.P. no cedir\u00e0 les seves dades personals a tercers tret que estiguem obligats legalment a aix\u00f2 o vost\u00e8 nos ho hagi autoritzat expressament en fer \u00fas dels nostres serveis i\/o productes.<\/p>\n\n\n\n<p><\/p>\n\n\n\n<p><\/p>\n\n\n\n<p><strong>DRETS DE LES PERSONES <\/strong><\/p>\n\n\n\n<p>Interesadas.la normativa de protecci\u00f3 de dades permet que puguis exercir davant el responsable del tractament tus drets d&#8217;acc\u00e9s, rectificaci\u00f3, oposici\u00f3, supressi\u00f3 (\u201cdret a l&#8217;oblit\u201d), limitaci\u00f3 del tractament, portabilitat i de no ser objecte de decisions individualitzades:<\/p>\n\n\n\n<ul class=\"wp-block-list\">\n<li>Dret d&#8217;acc\u00e9s: Permet a l&#8217;interessat con\u00e8ixer i obtenir informaci\u00f3 sobre les seves dades de car\u00e0cter personal sotmesos a tractament.<\/li>\n<\/ul>\n\n\n\n<ul class=\"wp-block-list\">\n<li>Dret de rectificaci\u00f3: Permet corregir errors, modificar les dades que resulten ser inexactes o incomplets i garantir la certesa de les seves dades personals.<\/li>\n<\/ul>\n\n\n\n<ul class=\"wp-block-list\">\n<li>Dret de supressi\u00f3: Permet sol\u00b7licitar l&#8217;eliminaci\u00f3 de les seves dades personals quan ja no siguin necessaris per a l&#8217;execuci\u00f3 o prestaci\u00f3 del servei.<\/li>\n<\/ul>\n\n\n\n<ul class=\"wp-block-list\">\n<li>Dret d&#8217;oposici\u00f3: Permet a l&#8217;interessat que no es llevi a cap el tractament de les seves dades de car\u00e0cter personal o el seu cessament, excepte motius leg\u00edtims o per a l&#8217;exercici o defensa de possibles reclamacions, i en aquest cas els mantindrem bloquejats durant el termini corresponent.<\/li>\n<\/ul>\n\n\n\n<ul class=\"wp-block-list\">\n<li>Dret d&#8217;oposici\u00f3 a l&#8217;enviament de publicitat: Els interessats podran oposar-se a l&#8217;enviament de comunicacions comercials. En aquest cas pot revocar en qualsevol moment el seu consentiment a rebre aquestes notificacions. <\/li>\n<\/ul>\n\n\n\n<ul class=\"wp-block-list\">\n<li>Limitaci\u00f3 del tractament: En determinades circumst\u00e0ncies, els interessats podran sol\u00b7licitar la limitaci\u00f3 del tractament de les seves dades, i en aquest cas \u00fanicament es conservaran per a l&#8217;exercici o defensa de reclamacions. <\/li>\n<\/ul>\n\n\n\n<ul class=\"wp-block-list\">\n<li>Portabilitat de les dades: Les persones interessades poden sol\u00b7licitar rebre les dades que li incumbeixin i que nos hagi facilitat o que \u2013sempre que t\u00e8cnicament sigui possible\u2013 els hi enviem a un altre responsable de tractament de la seva elecci\u00f3, en un formato estructurat d&#8217;\u00fas com\u00fa i lectura mec\u00e0nica.<\/li>\n<\/ul>\n\n\n\n<ul class=\"wp-block-list\">\n<li>Dret a no ser objecte de decisions individuals automatitzades (inclosa l&#8217;elaboraci\u00f3 de perfiles): Les persones interessades tenen dret a no ser objecte d&#8217;una decisi\u00f3 basada en el tractament automatitzat que produeixi efectes o afecte significativament.<\/li>\n<\/ul>\n\n\n\n<ul class=\"wp-block-list\">\n<li>Possibilitat de retirar el consentiment: L&#8217;interessat t\u00e9 dret a retirar en qualsevol moment el consentiment prestat, sense que aix\u00f2 afecte a la licitud del tractament basat en el consentiment prestat en el moment de facilitar-nos les seves dades.<\/li>\n<\/ul>\n\n\n\n<p>Si desitja exercir algun dels drets exposats, preguem que es posi contacto con nosaltres a trav\u00e9s de les dades de contacte que apareixen en \u201cIdentificaci\u00f3 del Responsable del tractament de les dades personals\u201d, en el qual inclogui la seg\u00fcent informaci\u00f3: N\u00famero i cognoms, n\u00famero de DNI, adre\u00e7a postal i electr\u00f2nica de contacte, indicant el tipus de dret i especificant les condiciones d&#8217;aquest.<\/p>\n\n\n\n<p>Possibilitat de reclamar davant l&#8217;Autoritat de Control: BLANCAFORT INFERMERS, S.L.P. l&#8217;informa igualment del dret que li assisteix de presentar una reclamaci\u00f3 davant l&#8217;Ag\u00e8ncia Espanyola de Protecci\u00f3 de Dades (www.agpd.es) si considera que el tractament no s&#8217;ajusta a la normativa vigent.<\/p>\n\n\n\n<p><\/p>\n\n\n\n<p><\/p>\n\n\n\n<p><strong>INFORMACI\u00d3 ADDICIONAL<\/strong> <\/p>\n\n\n\n<p><strong>Conservaci\u00f3 de determinades dades <\/strong><\/p>\n\n\n\n<p>BLANCAFORT INFERMERS, S.L.P. informa que, en compliment de les disposicions de la Llei 25\/2007, de 18 d&#8217;octubre, de conservaci\u00f3 de dades relatives a les comunicacions electr\u00f2niques i a les xarxes p\u00fabliques de comunicacions, haur\u00e0 de procedir a retenir i conservar determinades dades de tr\u00e0nsit generats durant ho desenvolupo de les comunicacions con la finalitat de cedir-los a les autoritats legitimades, quan concorrin les circumst\u00e0ncies legals en ella previstes.<\/p>\n\n\n\n<p><strong>Dades registrades<\/strong> <\/p>\n\n\n\n<p>Els nostres servidores recopilen informaci\u00f3 de manera autom\u00e0tica quan l&#8217;usuari utilitza els serveis de les webs. Aquestes dades de registre poden incloure l&#8217;adre\u00e7a IP, la identificaci\u00f3 del dispositiu des del qual s&#8217;accedeix als productes, el sistema operatiu, la configuraci\u00f3 del dispositiu.<\/p>\n\n\n\n<p><strong>Mesures de seguretat <\/strong><\/p>\n\n\n\n<p>A m\u00e9s, se l&#8217;informa que EL TITULAR DEL LLOC WEB (Responsable del tractament) t\u00e9 implantades les mesures de seguretat d&#8217;\u00edndole t\u00e8cnica i organitzatives necess\u00e0ries per a garantir la seguretat de les seves dades de car\u00e0cter personal i evitar la seva alteraci\u00f3, p\u00e8rdua i tractament i\/o acc\u00e9s no autoritzat, tenint en compte de l&#8217;estat de la tecnologia, la naturalesa de les dades emmagatzemades i els riscos al fet que estan exposats, ja provinguin de l&#8217;acci\u00f3 humana o del medi f\u00edsic o natural. Aix\u00ed mateix, s&#8217;ha establert mesures addicionals amb vista a refor\u00e7ar la confidencialitat i integritat de la informaci\u00f3 en la seva organitzaci\u00f3. Mantenint cont\u00ednuament la supervisi\u00f3, control i avaluaci\u00f3 dels processos per a assegurar el respecte a la privacitat de les dades.<\/p>\n","protected":false},"excerpt":{"rendered":"<p>Per mitj\u00e0 d&#8217;aquest lloc web (BLANCAFORTINFERMERS.COM), es recullen dades de car\u00e0cter personal necessaris per a la gesti\u00f3 i manteniment d&#8217;alguns dels nostres serveis. L&#8217;informem que EL TITULAR DEL LLOC WEB (Responsable del tractament) compleix con la Llei org\u00e0nica 3\/2018, de 5 de desembre, de Protecci\u00f3 de Dades de Car\u00e0cter Personal (d&#8217;ara endavant, *LOPD), el Reglament [&hellip;]<\/p>\n","protected":false},"author":1,"featured_media":0,"parent":0,"menu_order":0,"comment_status":"closed","ping_status":"closed","template":"","meta":{"footnotes":""},"class_list":["post-11706","page","type-page","status-publish","hentry"],"yoast_head":"<!-- This site is optimized with the Yoast SEO plugin v20.13 - https:\/\/yoast.com\/wordpress\/plugins\/seo\/ -->\n<title>Pol\u00edtica De Privacitat - Blancafort Infermers<\/title>\n<meta name=\"robots\" content=\"index, follow, max-snippet:-1, max-image-preview:large, max-video-preview:-1\" \/>\n<link rel=\"canonical\" href=\"https:\/\/blancafortinfermers.com\/ca\/politica-de-privacitat\/\" \/>\n<meta property=\"og:locale\" content=\"ca_ES\" \/>\n<meta property=\"og:type\" content=\"article\" \/>\n<meta property=\"og:title\" content=\"Pol\u00edtica De Privacitat - Blancafort Infermers\" \/>\n<meta property=\"og:description\" content=\"Per mitj\u00e0 d&#8217;aquest lloc web (BLANCAFORTINFERMERS.COM), es recullen dades de car\u00e0cter personal necessaris per a la gesti\u00f3 i manteniment d&#8217;alguns dels nostres serveis. L&#8217;informem que EL TITULAR DEL LLOC WEB (Responsable del tractament) compleix con la Llei org\u00e0nica 3\/2018, de 5 de desembre, de Protecci\u00f3 de Dades de Car\u00e0cter Personal (d&#8217;ara endavant, *LOPD), el Reglament [&hellip;]\" \/>\n<meta property=\"og:url\" content=\"https:\/\/blancafortinfermers.com\/ca\/politica-de-privacitat\/\" \/>\n<meta property=\"og:site_name\" content=\"Blancafort Infermers\" \/>\n<meta property=\"article:modified_time\" content=\"2023-06-26T06:57:22+00:00\" \/>\n<meta name=\"twitter:card\" content=\"summary_large_image\" \/>\n<meta name=\"twitter:label1\" content=\"Temps estimat de lectura\" \/>\n\t<meta name=\"twitter:data1\" content=\"8 minuts\" \/>\n<script type=\"application\/ld+json\" class=\"yoast-schema-graph\">{\"@context\":\"https:\/\/schema.org\",\"@graph\":[{\"@type\":\"WebPage\",\"@id\":\"https:\/\/blancafortinfermers.com\/ca\/politica-de-privacitat\/\",\"url\":\"https:\/\/blancafortinfermers.com\/ca\/politica-de-privacitat\/\",\"name\":\"Pol\u00edtica De Privacitat - Blancafort Infermers\",\"isPartOf\":{\"@id\":\"https:\/\/blancafortinfermers.com\/ca\/#website\"},\"datePublished\":\"2023-06-16T07:45:23+00:00\",\"dateModified\":\"2023-06-26T06:57:22+00:00\",\"breadcrumb\":{\"@id\":\"https:\/\/blancafortinfermers.com\/ca\/politica-de-privacitat\/#breadcrumb\"},\"inLanguage\":\"ca\",\"potentialAction\":[{\"@type\":\"ReadAction\",\"target\":[\"https:\/\/blancafortinfermers.com\/ca\/politica-de-privacitat\/\"]}]},{\"@type\":\"BreadcrumbList\",\"@id\":\"https:\/\/blancafortinfermers.com\/ca\/politica-de-privacitat\/#breadcrumb\",\"itemListElement\":[{\"@type\":\"ListItem\",\"position\":1,\"name\":\"Inici\",\"item\":\"https:\/\/blancafortinfermers.com\/ca\/\"},{\"@type\":\"ListItem\",\"position\":2,\"name\":\"Pol\u00edtica De Privacitat\"}]},{\"@type\":\"WebSite\",\"@id\":\"https:\/\/blancafortinfermers.com\/ca\/#website\",\"url\":\"https:\/\/blancafortinfermers.com\/ca\/\",\"name\":\"Blancafort Infermers\",\"description\":\"\",\"potentialAction\":[{\"@type\":\"SearchAction\",\"target\":{\"@type\":\"EntryPoint\",\"urlTemplate\":\"https:\/\/blancafortinfermers.com\/ca\/?s={search_term_string}\"},\"query-input\":\"required name=search_term_string\"}],\"inLanguage\":\"ca\"}]}<\/script>\n<!-- \/ Yoast SEO plugin. -->","yoast_head_json":{"title":"Pol\u00edtica De Privacitat - Blancafort Infermers","robots":{"index":"index","follow":"follow","max-snippet":"max-snippet:-1","max-image-preview":"max-image-preview:large","max-video-preview":"max-video-preview:-1"},"canonical":"https:\/\/blancafortinfermers.com\/ca\/politica-de-privacitat\/","og_locale":"ca_ES","og_type":"article","og_title":"Pol\u00edtica De Privacitat - Blancafort Infermers","og_description":"Per mitj\u00e0 d&#8217;aquest lloc web (BLANCAFORTINFERMERS.COM), es recullen dades de car\u00e0cter personal necessaris per a la gesti\u00f3 i manteniment d&#8217;alguns dels nostres serveis. L&#8217;informem que EL TITULAR DEL LLOC WEB (Responsable del tractament) compleix con la Llei org\u00e0nica 3\/2018, de 5 de desembre, de Protecci\u00f3 de Dades de Car\u00e0cter Personal (d&#8217;ara endavant, *LOPD), el Reglament [&hellip;]","og_url":"https:\/\/blancafortinfermers.com\/ca\/politica-de-privacitat\/","og_site_name":"Blancafort Infermers","article_modified_time":"2023-06-26T06:57:22+00:00","twitter_card":"summary_large_image","twitter_misc":{"Temps estimat de lectura":"8 minuts"},"schema":{"@context":"https:\/\/schema.org","@graph":[{"@type":"WebPage","@id":"https:\/\/blancafortinfermers.com\/ca\/politica-de-privacitat\/","url":"https:\/\/blancafortinfermers.com\/ca\/politica-de-privacitat\/","name":"Pol\u00edtica De Privacitat - Blancafort Infermers","isPartOf":{"@id":"https:\/\/blancafortinfermers.com\/ca\/#website"},"datePublished":"2023-06-16T07:45:23+00:00","dateModified":"2023-06-26T06:57:22+00:00","breadcrumb":{"@id":"https:\/\/blancafortinfermers.com\/ca\/politica-de-privacitat\/#breadcrumb"},"inLanguage":"ca","potentialAction":[{"@type":"ReadAction","target":["https:\/\/blancafortinfermers.com\/ca\/politica-de-privacitat\/"]}]},{"@type":"BreadcrumbList","@id":"https:\/\/blancafortinfermers.com\/ca\/politica-de-privacitat\/#breadcrumb","itemListElement":[{"@type":"ListItem","position":1,"name":"Inici","item":"https:\/\/blancafortinfermers.com\/ca\/"},{"@type":"ListItem","position":2,"name":"Pol\u00edtica De Privacitat"}]},{"@type":"WebSite","@id":"https:\/\/blancafortinfermers.com\/ca\/#website","url":"https:\/\/blancafortinfermers.com\/ca\/","name":"Blancafort Infermers","description":"","potentialAction":[{"@type":"SearchAction","target":{"@type":"EntryPoint","urlTemplate":"https:\/\/blancafortinfermers.com\/ca\/?s={search_term_string}"},"query-input":"required name=search_term_string"}],"inLanguage":"ca"}]}},"_links":{"self":[{"href":"https:\/\/blancafortinfermers.com\/ca\/wp-json\/wp\/v2\/pages\/11706","targetHints":{"allow":["GET"]}}],"collection":[{"href":"https:\/\/blancafortinfermers.com\/ca\/wp-json\/wp\/v2\/pages"}],"about":[{"href":"https:\/\/blancafortinfermers.com\/ca\/wp-json\/wp\/v2\/types\/page"}],"author":[{"embeddable":true,"href":"https:\/\/blancafortinfermers.com\/ca\/wp-json\/wp\/v2\/users\/1"}],"replies":[{"embeddable":true,"href":"https:\/\/blancafortinfermers.com\/ca\/wp-json\/wp\/v2\/comments?post=11706"}],"version-history":[{"count":8,"href":"https:\/\/blancafortinfermers.com\/ca\/wp-json\/wp\/v2\/pages\/11706\/revisions"}],"predecessor-version":[{"id":11891,"href":"https:\/\/blancafortinfermers.com\/ca\/wp-json\/wp\/v2\/pages\/11706\/revisions\/11891"}],"wp:attachment":[{"href":"https:\/\/blancafortinfermers.com\/ca\/wp-json\/wp\/v2\/media?parent=11706"}],"curies":[{"name":"wp","href":"https:\/\/api.w.org\/{rel}","templated":true}]}}