{"id":11704,"date":"2023-06-16T07:44:41","date_gmt":"2023-06-16T07:44:41","guid":{"rendered":"https:\/\/blancafortinfermers.com\/?page_id=11704"},"modified":"2023-07-13T11:41:12","modified_gmt":"2023-07-13T11:41:12","slug":"avis-legal","status":"publish","type":"page","link":"https:\/\/blancafortinfermers.com\/ca\/avis-legal\/","title":{"rendered":"Av\u00eds Legal"},"content":{"rendered":"\n<p>1. <strong>OBJECTE<\/strong><\/p>\n\n\n\n<p>El present Av\u00eds Legal regula l&#8217;\u00fas del lloc web: BLANCAFORTINFERMERS.COM (d&#8217;ara endavant, LA WEB), del qual \u00e9s titular BLANCAFORT INFERMERS, S.L.P.(d&#8217;ara endavant, EL TITULAR DE LA WEB) amb el qual pretenem donar compliment a les obligacions que disposa la Llei 34\/2002, de Serveis de la Societat de la Informaci\u00f3 i del Comer\u00e7 Electr\u00f2nic (LSSICE o LSSI), aix\u00ed com informar a tots els usuaris del lloc web respecte de quins s\u00f3n les condicions d&#8217;\u00fas del lloc web.<\/p>\n\n\n\n<p>Amb la finalitat de donar compliment a l&#8217;article 10 de la Llei 34\/2002 de Serveis de la Societat de la Informaci\u00f3 i del Comer\u00e7 Electr\u00f2nic, informem els usuaris de les nostres dades:<\/p>\n\n\n\n<p><strong>Nom o Denominaci\u00f3 Social:<\/strong> BLANCAFORT INFERMERS, S.L.P.<br><strong>NIF:<\/strong> B65935660<br><strong>Resid\u00e8ncia o domicili social:<\/strong> C\/ *JACINT VERDAGUER, *n\u00ba6 \u2013 4-1a, 080241, MANRESA (BARCELONA)<br><strong>Correu electr\u00f2nic: <\/strong>JORDI@BLANCAFORTINFERMERS.COM<br><strong>Tel\u00e8fon:<\/strong> 625 061 055<br><strong>Dades Registrals:<\/strong> Aquesta societat consta inscrita en el Registre Mercantil de Barcelona_, Tom 43.559, foli 167, fulla B-432214, Secci\u00f3 1<\/p>\n\n\n\n<p>La navegaci\u00f3 pel lloc web del TITULAR DE LA WEB atribueix la condici\u00f3 d&#8217;USUARI i implica l&#8217;acceptaci\u00f3 plena i sense reserves de totes i cadascuna de les disposicions incloses en aquest Av\u00eds Legal, que poden sofrir modificacions.<\/p>\n\n\n\n<p>L&#8217;usuari s&#8217;obliga a fer un \u00fas correcte del lloc web de conformitat amb les lleis, la bona fe, l&#8217;ordre p\u00fablic, els usos del tr\u00e0nsit i el present Av\u00eds Legal. L&#8217;usuari respondr\u00e0 enfront del TITULAR DE LA WEB o enfront de tercers, de qualssevol danys i perjudicis que poguessin causar-se a conseq\u00fc\u00e8ncia de l&#8217;incompliment d&#8217;aquesta obligaci\u00f3.<\/p>\n\n\n\n<p>Totes les notificacions i comunicacions entre els usuaris i EL TITULAR DE LA WEB es consideraran eficaces, amb car\u00e0cter general, quan es realitzin a trav\u00e9s de correu postal o qualsevol altre mitj\u00e0 dels detallats anteriorment.<\/p>\n\n\n\n<p>     2. <strong>CONDICIONS I OBLIGACIONS D&#8217;ACC\u00c9S I UTILITZACI\u00d3<\/strong><\/p>\n\n\n\n<p>El lloc web i els seus serveis s\u00f3n d&#8217;acc\u00e9s lliure i gratu\u00eft, no obstant aix\u00f2, EL TITULAR DE LA WEB condiciona la utilitzaci\u00f3 d&#8217;alguns dels serveis oferts en el seu web al previ emplenament del corresponent formulari.<\/p>\n\n\n\n<p>L&#8217;usuari garanteix l&#8217;autenticitat i actualitat de totes aquelles dades que comuniqui al TITULAR DE LA WEB i ser\u00e0 l&#8217;\u00fanic responsable de les manifestacions falses o inexactes que realitzi.<\/p>\n\n\n\n<p>L&#8217;usuari es compromet expressament a fer un \u00fas adequat dels continguts i serveis del TITULAR DE LA WEB i a no emprar-los per a, entre altres:<\/p>\n\n\n\n<p>a) Difondre continguts, delictius, violents, pornogr\u00e0fics, racistes, xen\u00f2fob, ofensius, d&#8217;apologia del terrorisme o, en general, contraris a la llei o a l&#8217;ordre p\u00fablic.<br>b) Introduir en la xarxa virus inform\u00e0tics o realitzar actuacions susceptibles d&#8217;alterar, espatllar, interrompre o generar errors o danys en els documents electr\u00f2nics, dades o sistemes f\u00edsics i l\u00f2gics del TITULAR DE LA WEB o de terceres persones; aix\u00ed com obstaculitzar l&#8217;acc\u00e9s d&#8217;altres usuaris al lloc web i als seus serveis mitjan\u00e7ant el consum massiu dels recursos inform\u00e0tics a trav\u00e9s dels quals EL TITULAR DE LA WEB presta els seus serveis.<br>c) Intentar accedir als comptes de correu electr\u00f2nic d&#8217;altres usuaris o a \u00e0rees restringides dels sistemes inform\u00e0tics del TITULAR DE LA WEB o de tercers i, en el seu cas, extreure informaci\u00f3.<br>d) Vulnerar els drets de propietat intel\u00b7lectual o industrial, aix\u00ed com violar la confidencialitat de la informaci\u00f3 del TITULAR DE LA WEB o de tercers.<br>e) Suplantar la identitat d&#8217;un altre usuari, de les administracions p\u00fabliques o d&#8217;un tercer.<br>f) Reproduir, copiar, distribuir, posar a disposici\u00f3 o de qualsevol altra forma comunicar p\u00fablicament, transformar o modificar els continguts, tret que es compti amb l&#8217;autoritzaci\u00f3 del titular dels corresponents drets o aix\u00f2 resulti legalment perm\u00e8s.<br>g) Recaptar dades amb finalitat publicit\u00e0ria i de remetre publicitat de qualsevol classe i comunicacions amb finalitats de venda o altres de naturalesa comercial sense que medi\u00ef la seva pr\u00e8via sol\u00b7licitud o consentiment.<\/p>\n\n\n\n<p>Tots els continguts del lloc web, com a textos, fotografies, gr\u00e0fics, imatges, icones, tecnologia, programari, aix\u00ed com el seu disseny gr\u00e0fic i codis font, constitueixen una obra la propietat de la qual pertany al TITULAR DE LA WEB, sense que puguin entendre&#8217;s cedits a l&#8217;usuari cap dels drets d&#8217;explotaci\u00f3 sobre els mateixos m\u00e9s enll\u00e0 de l&#8217;estrictament necessari per al correcte \u00fas de la web.<\/p>\n\n\n\n<p>En definitiva, els usuaris que accedeixin a aquest lloc web poden visualitzar els continguts i efectuar, en el seu cas, c\u00f2pies privades autoritzades sempre que els elements reprodu\u00efts no siguin cedits posteriorment a tercers, ni s&#8217;instal\u00b7lin a servidors connectats a xarxes, ni siguin objecte de cap mena d&#8217;explotaci\u00f3.<\/p>\n\n\n\n<p>En qualsevol cas, EL TITULAR DE LA WEB no ser\u00e0 responsable de les opinions abocades pels usuaris a trav\u00e9s del blog o altres eines de participaci\u00f3 que puguin crear-se, conforme al que es preveu en la normativa d&#8217;aplicaci\u00f3.<\/p>\n\n\n\n<p>Aix\u00ed mateix, totes les marques, noms comercials o signes distintius de qualsevol classe que apareixen en el lloc web s\u00f3n propietat del TITULAR DE LA WEB, sense que pugui entendre&#8217;s que l&#8217;\u00fas o acc\u00e9s al mateix atribueixi a l&#8217;usuari dret algun sobre aquests.<\/p>\n\n\n\n<p>Tots els continguts que apareguin en aquest lloc web s\u00f3n propietat del TITULAR DE LA WEB o de tercers que ens han autoritzat pr\u00e8viament el seu \u00fas. Per tant, no s&#8217;entendr\u00e0 de cap manera que l&#8217;\u00fas o acc\u00e9s al mateix atribueixi a l&#8217;usuari dret algun sobre aquests.<\/p>\n\n\n\n<p>La distribuci\u00f3, modificaci\u00f3, cessi\u00f3 o comunicaci\u00f3 p\u00fablica dels continguts i qualsevol altre acte que no hagi estat expressament autoritzat pel titular dels drets d&#8217;explotaci\u00f3 queden prohibits.<\/p>\n\n\n\n<p>L&#8217;establiment d&#8217;un enlla\u00e7 no implica en cap cas l&#8217;exist\u00e8ncia de relacions entre EL TITULAR DE LA WEB i el propietari del lloc web en la qual s&#8217;estableixi, ni l&#8217;acceptaci\u00f3 i aprovaci\u00f3 per part del TITULAR DE LA WEB dels seus continguts o serveis. Aquelles persones que es proposin establir un enlla\u00e7 pr\u00e8viament hauran de sol\u00b7licitar autoritzaci\u00f3 per escrit al TITULAR DE LA WEB. En tot cas, l&#8217;enlla\u00e7 \u00fanicament permetr\u00e0 l&#8217;acc\u00e9s a la <em>home-<\/em>page o p\u00e0gina d&#8217;inici del nostre lloc web, aix\u00ed mateix haur\u00e0 d&#8217;abstenir-se de realitzar manifestacions o indicacions falses, inexactes o incorrectes sobre EL TITULAR DE LA WEB, o incloure continguts il\u00b7l\u00edcits, contraris als bons costums i a l&#8217;ordre p\u00fablic.<\/p>\n\n\n\n<p>EL TITULAR DE LA WEB no es responsabilitza de l&#8217;\u00fas que cada usuari els doni als materials posats a disposici\u00f3 en aquest lloc web ni de les actuacions que realitzi sobre la base d&#8217;aquests.<\/p>\n\n\n\n<p>L&#8217;usuari s&#8217;obliga, en aquells casos que se li sol\u00b7licitin dades o informaci\u00f3, a no falsejar la seva identitat fent-se passar per qualsevol altra persona.<\/p>\n\n\n\n<p>     3. <strong>PROPIETAT INDUSTRIAL I INTEL\u00b7LECTUAL<\/strong><\/p>\n\n\n\n<p>Vost\u00e8 reconeix i consent que tot copyright, marca registrada i altres drets de propietat industrial i intel\u00b7lectual sobre els materials o continguts que s&#8217;aporten com a part de la p\u00e0gina web ens corresponen en tot moment a nosaltres o als qui ens van atorgar llic\u00e8ncia per al seu \u00fas. Vost\u00e8 podr\u00e0 fer \u00fas d&#8217;aquest material \u00fanicament en la forma en qu\u00e8 li ho autoritzem expressament nosaltres o els qui ens van atorgar llic\u00e8ncia per al seu \u00fas. Aix\u00f2 no li impedir\u00e0 utilitzar aquesta p\u00e0gina web en la mesura necess\u00e0ria per a copiar la informaci\u00f3 sobre la seva comanda o dades de Contacte.<\/p>\n\n\n\n<p>En virtut del que es disposa en els articles 8 i 32.1, par\u00e0graf segon, de la Llei de Propietat Intel\u00b7lectual, queden expressament prohibides la reproducci\u00f3, la distribuci\u00f3 i la comunicaci\u00f3 p\u00fablica, inclosa la seva modalitat de posada a disposici\u00f3, de la totalitat o part dels continguts d&#8217;aquesta p\u00e0gina web, amb finalitats comercials, en qualsevol suport i per qualsevol mitj\u00e0 t\u00e8cnic, sense l&#8217;autoritzaci\u00f3 del TITULAR DE LA WEB.<\/p>\n\n\n\n<p>    4. <strong>LINKS, VIRUS I ALTRES Q\u00dcESTIONS INFORM\u00c0TIQUES<\/strong><\/p>\n\n\n\n<p>Vost\u00e8 no ha de realitzar un \u00fas indegut d&#8217;aquesta p\u00e0gina web mitjan\u00e7ant la introducci\u00f3 intencionada en la mateixa de virus, troians, cucs, bombes l\u00f2giques o qualsevol altre programa o material tecnol\u00f2gicament perjudicial o nociu. Vost\u00e8 no tractar\u00e0 de tenir acc\u00e9s no autoritzat a aquesta p\u00e0gina web, al servidor en qu\u00e8 aquesta p\u00e0gina es troba allotjada o a qualsevol servidor, ordinador o base de dades relacionada amb la nostra p\u00e0gina web. Vost\u00e8 es compromet a no atacar aquesta p\u00e0gina web a trav\u00e9s d&#8217;un atac de denegaci\u00f3 de servei o d&#8217;un atac de denegaci\u00f3 de servei distribu\u00eft.<\/p>\n\n\n\n<p>L&#8217;incompliment d&#8217;aquesta cl\u00e0usula podria portar aparellada la comissi\u00f3 d&#8217;infraccions tipificades per la normativa aplicable. Informarem de qualsevol incompliment d&#8217;aquesta normativa a les autoritats competents i cooperarem amb elles per a descobrir la identitat de l&#8217;atacant. Aix\u00ed mateix, en cas d&#8217;incompliment de la present cl\u00e0usula, deixar\u00e0 immediatament d&#8217;estar autoritzat a usar aquesta p\u00e0gina web.<\/p>\n\n\n\n<p>No serem responsables de qualsevol mal o p\u00e8rdua resultant d&#8217;un atac de denegaci\u00f3 de servei, virus o qualsevol altre programa o material tecnol\u00f2gicament perjudicial o nociu que pugui afectar el seu ordinador, equip inform\u00e0tic, dades o materials a conseq\u00fc\u00e8ncia de l&#8217;\u00fas d&#8217;aquesta p\u00e0gina web o de la desc\u00e0rrega de continguts de la mateixa o als quals la mateixa redirigeixi.<\/p>\n\n\n\n<p>En el cas que la nostra p\u00e0gina web contingui links a altres p\u00e0gines web i materials de tercers, aquests links es faciliten \u00fanicament a efectes informatius, sense que nosaltres tinguem control algun sobre el contingut d&#8217;aquestes p\u00e0gines web o materials. Per tant, no acceptem cap responsabilitat per qualsevol mal o p\u00e8rdua derivats del seu \u00fas.<\/p>\n\n\n\n<p>     5.<strong>EXCLUSI\u00d3 DE GARANTIES I DE RESPONSABILITAT<\/strong><\/p>\n\n\n\n<p>El contingut del present lloc web \u00e9s de car\u00e0cter general i t\u00e9 una finalitat merament informativa, sense que es garanteixi plenament l&#8217;acc\u00e9s a tots els continguts, ni la seva exhaustivitat, correcci\u00f3, vig\u00e8ncia o actualitat, ni la seva idone\u00eftat o utilitat per a un objectiu espec\u00edfic.<\/p>\n\n\n\n<p>EL TITULAR DE LA WEB exclou, fins on permet l&#8217;ordenament jur\u00eddic, qualsevol responsabilitat pels danys i perjudicis de tota naturalesa derivats de:<\/p>\n\n\n\n<p>a) La impossibilitat d&#8217;acc\u00e9s al lloc web o la falta de veracitat, exactitud, exhaustivitat i\/o actualitat dels continguts, aix\u00ed com l&#8217;exist\u00e8ncia de vicis i defectes de tota classe dels continguts transmesos, difosos, emmagatzemats, posats a disposici\u00f3 als quals s&#8217;hagi accedit a trav\u00e9s del lloc web o dels serveis que s&#8217;ofereixen.<br>b) La pres\u00e8ncia de virus o d&#8217;altres elements en els continguts que puguin produir alteracions en els sistemes inform\u00e0tics, documents electr\u00f2nics o dades dels usuaris.<br>c) L&#8217;incompliment de les lleis, la bona fe, l&#8217;ordre p\u00fablic, els usos del tr\u00e0nsit i el present av\u00eds legal a conseq\u00fc\u00e8ncia de l&#8217;\u00fas incorrecte del lloc web. En particular, i a manera *ejemplificativo, EL TITULAR DE LA WEB no es fa responsable de les actuacions de tercers que vulnerin drets de propietat intel\u00b7lectual i industrial, secrets empresarials, drets a l&#8217;honor, a la intimitat personal i familiar i a la pr\u00f2pia imatge, aix\u00ed com la normativa en mat\u00e8ria de compet\u00e8ncia deslleial i publicitat il\u00b7l\u00edcita.<\/p>\n\n\n\n<p>Aix\u00ed mateix, EL TITULAR DE LA WEB declina qualsevol responsabilitat respecte a la informaci\u00f3 que es trobi fora d&#8217;aquesta web i no sigui gestionada directament pel TITULAR DE LA WEB. La funci\u00f3 dels links que apareixen en aquesta web \u00e9s exclusivament la d&#8217;informar l&#8217;usuari sobre l&#8217;exist\u00e8ncia d&#8217;altres fonts susceptibles d&#8217;ampliar els continguts que ofereix aquest lloc web. EL TITULAR DE LA WEB no garanteix ni es responsabilitza del funcionament o accessibilitat dels llocs enlla\u00e7ats; ni suggereix, convida o recomana la visita a aquests, per la qual cosa tampoc ser\u00e0 responsable del resultat obtingut. EL TITULAR DE LA WEB no es responsabilitza de l&#8217;establiment d&#8217;enlla\u00e7os per part de tercers.<\/p>\n\n\n\n<p>EL TITULAR DE LA WEB no garanteix la disponibilitat cont\u00ednua i permanent dels serveis, quedant d&#8217;aquesta manera exonerat de qualsevol responsabilitat per possibles danys i perjudicis causats a conseq\u00fc\u00e8ncia de la falta de disponibilitat del servei per motius de for\u00e7a major o errors en les xarxes telem\u00e0tiques de transfer\u00e8ncia de dades, aliens a la seva voluntat, o per desconnexions realitzades per treballs de millora o manteniment dels equips i sistemes inform\u00e0tics. En aquests casos, EL TITULAR DE LA WEB far\u00e0 els seus millors esfor\u00e7os per a avisar amb una antelaci\u00f3 de 24 hores a la interrupci\u00f3. EL TITULAR DE LA WEB no ser\u00e0 responsable per la interrupci\u00f3, suspensi\u00f3 o finalitzaci\u00f3 de la informaci\u00f3 o serveis. Aix\u00ed mateix, no es responsabilitza de les possibles omissions, p\u00e8rdues d&#8217;informaci\u00f3, dades, configuracions, accessos indeguts o vulneraci\u00f3 de la confidencialitat que tinguin origen en problemes t\u00e8cnics, de comunicacions o omissions humanes, causades per tercers o no imputables al TITULAR DE LA WEB. Tampoc respondr\u00e0 dels danys produ\u00efts per atacs inform\u00e0tics o causats per virus que afectin programes inform\u00e0tics, sistemes de comunicacions o equips utilitzats pel TITULAR DE LA WEB per\u00f2 fabricats o facilitats per un tercer. EL TITULAR DE LA WEB podr\u00e0, a la seva sola discreci\u00f3, denegar, retirar, suspendre i\/o bloquejar en qualsevol moment i sense necessitat de previ av\u00eds l&#8217;acc\u00e9s a la informaci\u00f3 i serveis a aquells usuaris que incompleixin les presents normes.<\/p>\n\n\n\n<p>Exceptuant els casos que la llei imposi expressament el contrari, i exclusivament amb la mesura i extensi\u00f3 en qu\u00e8 ho imposi, l&#8217;aplicaci\u00f3 no garanteix ni assumeix cap responsabilitat respecte als possibles danys i perjudicis causats per l&#8217;\u00fas i utilitzaci\u00f3 de la informaci\u00f3, dades i serveis del TITULAR DE LA WEB.<\/p>\n\n\n\n<p>En tot cas, EL TITULAR DE LA WEB exclou qualsevol responsabilitat pels danys i perjudicis que puguin deure&#8217;s a la informaci\u00f3 i\/o serveis prestats o subministrats per tercers diferents de l&#8217;Empresa. Tota la responsabilitat ser\u00e0 del tercer ja sigui prove\u00efdor, col\u00b7laborador o un altre.<\/p>\n\n\n\n<p>    6. <strong>ALTRES CONDICIONS<\/strong><\/p>\n\n\n\n<p><strong>Nul\u00b7litat parcial<\/strong><\/p>\n\n\n\n<p>Si alguna de les presents Condicions o alguna disposici\u00f3 d&#8217;un contracte fos declarades nul\u00b7les i sense efecte per resoluci\u00f3 ferma dictada per autoritat competent, els restants termes i condicions romandran en vigor, sense que quedin afectats per aquesta declaraci\u00f3 de nul\u00b7litat.<\/p>\n\n\n\n<p><strong>Acordo<\/strong><\/p>\n\n\n\n<p>Les presents Condicions i tot document a qu\u00e8 es faci refer\u00e8ncia expressa en les mateixes constitueixen l&#8217;acord \u00edntegre existent entre vost\u00e8 i nosaltres en relaci\u00f3 amb l&#8217;objecte de les mateixes i substitueixen a qualsevol altre pacte, acord o promesa anterior convinguda entre vost\u00e8 i nosaltres verbalment o per escrit.<\/p>\n\n\n\n<p>Vost\u00e8 i nosaltres reconeixem haver consentit la celebraci\u00f3 d&#8217;un contracte sense haver confiat en cap declaraci\u00f3 o promesa feta per l&#8217;altra part o que pogu\u00e9s inferir-se de qualsevol declaraci\u00f3 o escrit en les negociacions entaulades pels dos abans d&#8217;aquest, excepte all\u00f2 que figura expressament esmentat en les presents Condicions.<\/p>\n\n\n\n<p>Ni vost\u00e8 ni nosaltres disposarem d&#8217;acci\u00f3 enfront de qualsevol declaraci\u00f3 incerta realitzada per l&#8217;altra part, verbal o escrita, amb anterioritat a la data d&#8217;un contracte (tret que s&#8217;hagu\u00e9s fet tal declaraci\u00f3 incerta de manera fraudulenta) i l&#8217;\u00fanica acci\u00f3 de qu\u00e8 disposar\u00e0 l&#8217;altra part ser\u00e0 per incompliment de contracte de conformitat amb el que es disposa en les presents Condicions.<\/p>\n\n\n\n<p>Ens reservem la facultat de modificar els Termes i Condicions. Les modificacions introdu\u00efdes no tindran car\u00e0cter retroactiu. Si Vost\u00e8 no est\u00e0 d&#8217;acord amb les modificacions introdu\u00efdes, li recomanem no fer \u00fas de la nostra p\u00e0gina web.<\/p>\n\n\n\n<p><strong>Legislaci\u00f3 aplicable i jurisdicci\u00f3<\/strong><\/p>\n\n\n\n<p>L&#8217;\u00fas de la nostra p\u00e0gina web i els contractes de compra de productes a trav\u00e9s aquesta p\u00e0gina web es regiran per la legislaci\u00f3 espanyola. Qualsevol controv\u00e8rsia que sorgeixi o guardi relaci\u00f3 amb l&#8217;\u00fas de la p\u00e0gina web o amb aquests contractes ser\u00e0 sotmesa a la jurisdicci\u00f3 no exclusiva dels jutjats i tribunals espanyols. Si vost\u00e8 est\u00e0 contractant com a consumidor, res en la present cl\u00e0usula afectar\u00e0 els drets que com a tal li reconeix la legislaci\u00f3 vigent.<\/p>\n\n\n\n<p><strong>Suggeriments i reclamacions<\/strong><\/p>\n\n\n\n<p>Les seves queixes i reclamacions davant el nostre servei d&#8217;atenci\u00f3 al client seran ateses en el termini m\u00e9s breu possible i, en tot cas, en el termini legament establert.<\/p>\n\n\n\n<p>Si vost\u00e8 com a consumidor considera que els seus drets han estat vulnerats, pot dirigir-nos les seves queixes a trav\u00e9s de l&#8217;adre\u00e7a de correu electr\u00f2nic jordi@blancafortinfermers.com amb la finalitat de sol\u00b7licitar una soluci\u00f3 extrajudicial de controv\u00e8rsies.<\/p>\n\n\n\n<p>En el cas que qualsevol usuari o un tercer consideri que existeixen fets o circumst\u00e0ncies que revelin el car\u00e0cter il\u00b7l\u00edcit de la utilitzaci\u00f3 de qualsevol contingut i\/o de la realitzaci\u00f3 de qualsevol activitat en les p\u00e0gines web incloses o accessibles a trav\u00e9s del lloc web, haur\u00e0 d&#8217;enviar una notificaci\u00f3 al TITULAR DE LA WEB identificant-se degudament, especificant les suposades infraccions i declarant expressament i sota la seva responsabilitat que la informaci\u00f3 proporcionada en la notificaci\u00f3 \u00e9s exacta.<\/p>\n\n\n\n<p>Per a tota q\u00fcesti\u00f3 litigiosa que incumbeixi el lloc web del TITULAR DE LA WEB, ser\u00e0 aplicable la legislaci\u00f3 espanyola, sent competents els Jutjats i Tribunals d&#8217;Espanya.<\/p>\n","protected":false},"excerpt":{"rendered":"<p>1. OBJECTE El present Av\u00eds Legal regula l&#8217;\u00fas del lloc web: BLANCAFORTINFERMERS.COM (d&#8217;ara endavant, LA WEB), del qual \u00e9s titular BLANCAFORT INFERMERS, S.L.P.(d&#8217;ara endavant, EL TITULAR DE LA WEB) amb el qual pretenem donar compliment a les obligacions que disposa la Llei 34\/2002, de Serveis de la Societat de la Informaci\u00f3 i del Comer\u00e7 Electr\u00f2nic [&hellip;]<\/p>\n","protected":false},"author":1,"featured_media":0,"parent":0,"menu_order":0,"comment_status":"closed","ping_status":"closed","template":"","meta":{"footnotes":""},"class_list":["post-11704","page","type-page","status-publish","hentry"],"yoast_head":"<!-- This site is optimized with the Yoast SEO plugin v20.13 - https:\/\/yoast.com\/wordpress\/plugins\/seo\/ -->\n<title>Av\u00eds Legal - Blancafort Infermers<\/title>\n<meta name=\"robots\" content=\"index, follow, max-snippet:-1, max-image-preview:large, max-video-preview:-1\" \/>\n<link rel=\"canonical\" href=\"https:\/\/blancafortinfermers.com\/ca\/avis-legal\/\" \/>\n<meta property=\"og:locale\" content=\"ca_ES\" \/>\n<meta property=\"og:type\" content=\"article\" \/>\n<meta property=\"og:title\" content=\"Av\u00eds Legal - Blancafort Infermers\" \/>\n<meta property=\"og:description\" content=\"1. OBJECTE El present Av\u00eds Legal regula l&#8217;\u00fas del lloc web: BLANCAFORTINFERMERS.COM (d&#8217;ara endavant, LA WEB), del qual \u00e9s titular BLANCAFORT INFERMERS, S.L.P.(d&#8217;ara endavant, EL TITULAR DE LA WEB) amb el qual pretenem donar compliment a les obligacions que disposa la Llei 34\/2002, de Serveis de la Societat de la Informaci\u00f3 i del Comer\u00e7 Electr\u00f2nic [&hellip;]\" \/>\n<meta property=\"og:url\" content=\"https:\/\/blancafortinfermers.com\/ca\/avis-legal\/\" \/>\n<meta property=\"og:site_name\" content=\"Blancafort Infermers\" \/>\n<meta property=\"article:modified_time\" content=\"2023-07-13T11:41:12+00:00\" \/>\n<meta name=\"twitter:card\" content=\"summary_large_image\" \/>\n<meta name=\"twitter:label1\" content=\"Temps estimat de lectura\" \/>\n\t<meta name=\"twitter:data1\" content=\"14 minuts\" \/>\n<script type=\"application\/ld+json\" class=\"yoast-schema-graph\">{\"@context\":\"https:\/\/schema.org\",\"@graph\":[{\"@type\":\"WebPage\",\"@id\":\"https:\/\/blancafortinfermers.com\/ca\/avis-legal\/\",\"url\":\"https:\/\/blancafortinfermers.com\/ca\/avis-legal\/\",\"name\":\"Av\u00eds Legal - Blancafort Infermers\",\"isPartOf\":{\"@id\":\"https:\/\/blancafortinfermers.com\/ca\/#website\"},\"datePublished\":\"2023-06-16T07:44:41+00:00\",\"dateModified\":\"2023-07-13T11:41:12+00:00\",\"breadcrumb\":{\"@id\":\"https:\/\/blancafortinfermers.com\/ca\/avis-legal\/#breadcrumb\"},\"inLanguage\":\"ca\",\"potentialAction\":[{\"@type\":\"ReadAction\",\"target\":[\"https:\/\/blancafortinfermers.com\/ca\/avis-legal\/\"]}]},{\"@type\":\"BreadcrumbList\",\"@id\":\"https:\/\/blancafortinfermers.com\/ca\/avis-legal\/#breadcrumb\",\"itemListElement\":[{\"@type\":\"ListItem\",\"position\":1,\"name\":\"Inici\",\"item\":\"https:\/\/blancafortinfermers.com\/ca\/\"},{\"@type\":\"ListItem\",\"position\":2,\"name\":\"Av\u00eds Legal\"}]},{\"@type\":\"WebSite\",\"@id\":\"https:\/\/blancafortinfermers.com\/ca\/#website\",\"url\":\"https:\/\/blancafortinfermers.com\/ca\/\",\"name\":\"Blancafort Infermers\",\"description\":\"\",\"potentialAction\":[{\"@type\":\"SearchAction\",\"target\":{\"@type\":\"EntryPoint\",\"urlTemplate\":\"https:\/\/blancafortinfermers.com\/ca\/?s={search_term_string}\"},\"query-input\":\"required name=search_term_string\"}],\"inLanguage\":\"ca\"}]}<\/script>\n<!-- \/ Yoast SEO plugin. -->","yoast_head_json":{"title":"Av\u00eds Legal - Blancafort Infermers","robots":{"index":"index","follow":"follow","max-snippet":"max-snippet:-1","max-image-preview":"max-image-preview:large","max-video-preview":"max-video-preview:-1"},"canonical":"https:\/\/blancafortinfermers.com\/ca\/avis-legal\/","og_locale":"ca_ES","og_type":"article","og_title":"Av\u00eds Legal - Blancafort Infermers","og_description":"1. OBJECTE El present Av\u00eds Legal regula l&#8217;\u00fas del lloc web: BLANCAFORTINFERMERS.COM (d&#8217;ara endavant, LA WEB), del qual \u00e9s titular BLANCAFORT INFERMERS, S.L.P.(d&#8217;ara endavant, EL TITULAR DE LA WEB) amb el qual pretenem donar compliment a les obligacions que disposa la Llei 34\/2002, de Serveis de la Societat de la Informaci\u00f3 i del Comer\u00e7 Electr\u00f2nic [&hellip;]","og_url":"https:\/\/blancafortinfermers.com\/ca\/avis-legal\/","og_site_name":"Blancafort Infermers","article_modified_time":"2023-07-13T11:41:12+00:00","twitter_card":"summary_large_image","twitter_misc":{"Temps estimat de lectura":"14 minuts"},"schema":{"@context":"https:\/\/schema.org","@graph":[{"@type":"WebPage","@id":"https:\/\/blancafortinfermers.com\/ca\/avis-legal\/","url":"https:\/\/blancafortinfermers.com\/ca\/avis-legal\/","name":"Av\u00eds Legal - Blancafort Infermers","isPartOf":{"@id":"https:\/\/blancafortinfermers.com\/ca\/#website"},"datePublished":"2023-06-16T07:44:41+00:00","dateModified":"2023-07-13T11:41:12+00:00","breadcrumb":{"@id":"https:\/\/blancafortinfermers.com\/ca\/avis-legal\/#breadcrumb"},"inLanguage":"ca","potentialAction":[{"@type":"ReadAction","target":["https:\/\/blancafortinfermers.com\/ca\/avis-legal\/"]}]},{"@type":"BreadcrumbList","@id":"https:\/\/blancafortinfermers.com\/ca\/avis-legal\/#breadcrumb","itemListElement":[{"@type":"ListItem","position":1,"name":"Inici","item":"https:\/\/blancafortinfermers.com\/ca\/"},{"@type":"ListItem","position":2,"name":"Av\u00eds Legal"}]},{"@type":"WebSite","@id":"https:\/\/blancafortinfermers.com\/ca\/#website","url":"https:\/\/blancafortinfermers.com\/ca\/","name":"Blancafort Infermers","description":"","potentialAction":[{"@type":"SearchAction","target":{"@type":"EntryPoint","urlTemplate":"https:\/\/blancafortinfermers.com\/ca\/?s={search_term_string}"},"query-input":"required name=search_term_string"}],"inLanguage":"ca"}]}},"_links":{"self":[{"href":"https:\/\/blancafortinfermers.com\/ca\/wp-json\/wp\/v2\/pages\/11704","targetHints":{"allow":["GET"]}}],"collection":[{"href":"https:\/\/blancafortinfermers.com\/ca\/wp-json\/wp\/v2\/pages"}],"about":[{"href":"https:\/\/blancafortinfermers.com\/ca\/wp-json\/wp\/v2\/types\/page"}],"author":[{"embeddable":true,"href":"https:\/\/blancafortinfermers.com\/ca\/wp-json\/wp\/v2\/users\/1"}],"replies":[{"embeddable":true,"href":"https:\/\/blancafortinfermers.com\/ca\/wp-json\/wp\/v2\/comments?post=11704"}],"version-history":[{"count":9,"href":"https:\/\/blancafortinfermers.com\/ca\/wp-json\/wp\/v2\/pages\/11704\/revisions"}],"predecessor-version":[{"id":12423,"href":"https:\/\/blancafortinfermers.com\/ca\/wp-json\/wp\/v2\/pages\/11704\/revisions\/12423"}],"wp:attachment":[{"href":"https:\/\/blancafortinfermers.com\/ca\/wp-json\/wp\/v2\/media?parent=11704"}],"curies":[{"name":"wp","href":"https:\/\/api.w.org\/{rel}","templated":true}]}}