{"id":11360,"date":"2023-06-13T09:16:24","date_gmt":"2023-06-13T09:16:24","guid":{"rendered":"https:\/\/blancafortinfermers.com\/?page_id=11360"},"modified":"2024-05-17T10:30:23","modified_gmt":"2024-05-17T10:30:23","slug":"empresa","status":"publish","type":"page","link":"https:\/\/blancafortinfermers.com\/ca\/empresa\/","title":{"rendered":"Empresa"},"content":{"rendered":"<p><!-- title left --><br \/>\n\t\t\t\t\t\t\t<!-- icon position --><br \/>\n\t\t\t\t\t\t\t<!-- end icon position --><br \/>\n\t\t\t\t\t\t\t<!-- title top --><br \/>\n\t\t\t\t\t\t\t<!-- icon position --><br \/>\n\t\t\t\t\t\t\t<!-- end icon position --><br \/>\n\t\t\t\t\t\t\t<!-- title middle --><\/p>\n<h3>\n<h1>La Nostra Empresa<\/h1>\n<\/h3>\n<p>\t\t\t\t\t\t\t\t\t\t\t\t\t\t<!-- title bottom --><br \/>\n\t\t\t\t\t\t\t<!-- icon position --><br \/>\n\t\t\t\t\t\t\t<!-- image --><br \/>\n\t\t\t\t\t\t\t\t\t\t\t\t\t\t<!-- icon --><br \/>\n\t\t\t\t\t\t\t<!-- bar --><br \/>\n\t\t\t\t\t\t\t\t\t\t\t\t\t\t<!-- circle bar --><br \/>\n\t\t\t\t\t\t\t<!-- end icon position --><br \/>\n\t\t\t\t\t\t\t<!-- content --><\/p>\n<p>Blancafort Infermers som una empresa de serveis sanitaris, que es va iniciar el 1997 a Manresa a trav\u00e9s d&#8217;una petita consulta d&#8217;infermeria, durant els anys hem anat creixent gr\u00e0cies a la confian\u00e7a dels nostres clients i la bona feina de l&#8217;equip de treballadors. <\/p>\n<p>La nostra missi\u00f3 \u00e9s oferir un servei d\u00b4infermeria de qualitat adaptat a les necessitats sanit\u00e0ries dels nostres clients, ja siguin entitats o empreses.<br \/>\nTenim professionals formats en els \u00e0mbits de la infermeria geriatria, salut p\u00fablica, urg\u00e8ncies prehospital\u00e0ries i gesti\u00f3 i administraci\u00f3 de serveis sanitaris.<\/p>\n<p>Actualment estem treballant dia a dia a la:<br \/>\n&#8211; Gesti\u00f3 de la infermeria del monestir de Montserrat. <br \/>\n&#8211; Gesti\u00f3 del servei de primers auxilis del &#8211; Santuari de Montserrat. <br \/>\n&#8211; Gesti\u00f3 de la infermeria escolar de l&#8217;Escolania de Montserrat. <br \/>\n&#8211; Gesti\u00f3 de la infermeria Salesiana Mart\u00ed-Codolar de Barcelona <br \/>\n&#8211; Gesti\u00f3 de la infermeria de Las Arcadias Mandri de Barcelona <\/p>\n<p>Tamb\u00e9 realitzem diverses formacions i cursos, com ara cursos de suport vital b\u00e0sic i \u00fas del desfibril\u00b7lador(svb-dea), ja que som centre formador i tenim en plantilla instructors homologats pel CCR (consell catal\u00e0 de ressuscitaci\u00f3). Si est\u00e0 interessat en poder realitzar aquesta formaci\u00f3 al seu centre o treballadors, consulteu-nos.\n <\/p>\n<p>\t\t\t\t\t\t\t<!-- inner title --><br \/>\n\t\t\t\t<!-- image --><br \/>\n\t\t\t\t\t\t\t\t\t<img decoding=\"async\" src=\"https:\/\/blancafortinfermers.com\/wp-content\/uploads\/2023\/06\/empresaimg.png\" alt=\"\" \/><br \/>\n\t\t\t\t\t<!-- number --><\/p>\n<h3>25 <\/h3>\n<p>\t\t\t\t\t\t\t\t\t\t<!-- symbol --><br \/>\n\t\t\t\t\t<!-- title --><\/p>\n<h4>ANYS<br \/>\nD&#8217;EXPERI\u00c8NCIA <\/h4>\n<p>\t\t\t\t\t\t\t\t\t\t<!-- content --><br \/>\n\t\t\t\t <!-- counter part --><br \/>\n\t\t\t\t\t\t\t\t<!-- custom icon --><br \/>\n\t\t\t\t<!-- custom img --><br \/>\n\t\t\t\t\t<!-- number --><\/p>\n<h3>15000 <\/h3>\n<p>\t\t\t\t\t\t\t\t\t\t<!-- symbol --><br \/>\n\t\t\t\t\t\t\t\t\t\t\t+<br \/>\n\t\t\t\t\t\t\t\t\t\t<!-- content --><\/p>\n<h4>Hores anuals d&#8217;atenci\u00f3 infermera <\/h4>\n<p>\t\t\t\t <!-- counter part --><br \/>\n\t\t\t\t\t\t\t\t<!-- custom icon --><br \/>\n\t\t\t\t<!-- custom img --><br \/>\n\t\t\t\t\t<!-- number --><\/p>\n<h3>22000 <\/h3>\n<p>\t\t\t\t\t\t\t\t\t\t<!-- symbol --><br \/>\n\t\t\t\t\t\t\t\t\t\t\t+<br \/>\n\t\t\t\t\t\t\t\t\t\t<!-- content --><\/p>\n<h4>Hores anuals d&#8217;atencions de gerocultors\/es <\/h4>\n<p>\t\t\t\t <!-- counter part --><br \/>\n\t\t\t\t\t\t\t\t<!-- custom icon --><br \/>\n\t\t\t\t<!-- custom img --><br \/>\n\t\t\t\t\t<!-- number --><\/p>\n<h3>1000 <\/h3>\n<p>\t\t\t\t\t\t\t\t\t\t<!-- symbol --><br \/>\n\t\t\t\t\t\t\t\t\t\t\t+<br \/>\n\t\t\t\t\t\t\t\t\t\t<!-- content --><\/p>\n<h4>assist\u00e8ncies anuals en el servei de primers auxilis <\/h4>\n<p>\t\t\t\t <!-- counter part --><br \/>\n\t\t\t\t\t\t\t\t<!-- title center --><br \/>\n\t\t\t\t\t\t\t<!-- icon position --><br \/>\n\t\t\t\t\t\t\t<!-- end icon position --><br \/>\n\t\t\t\t\t\t\t<!-- title top --><br \/>\n\t\t\t\t\t\t\t<!-- icon position --><br \/>\n\t\t\t\t\t\t\t<!-- end icon position --><br \/>\n\t\t\t\t\t\t\t<!-- title middle --><\/p>\n<h3>Els Nostres Clients<\/h3>\n<p>\t\t\t\t\t\t\t\t\t\t\t\t\t\t<!-- title bottom --><br \/>\n\t\t\t\t\t\t\t<!-- image --><br \/>\n\t\t\t\t\t\t\t\t\t\t\t\t\t\t<!-- icon --><br \/>\n\t\t\t\t\t\t\t<!-- bar --><br \/>\n\t\t\t\t\t\t\t\t\t\t\t\t\t\t<!-- circle bar --><br \/>\n\t\t\t\t\t\t\t<!-- content --><br \/>\n\t\t\t\t\t\t\t<!-- inner title --><br \/>\n\t\t\t\t\t\t\t\t\t\t\t\t\t\t\t\t<a href=\"https:\/\/abadiamontserrat.cat\/\" target=\"_blank\" rel=\"noopener\"><br \/>\n\t\t\t\t\t\t\t<img decoding=\"async\" width=\"1024\" height=\"200\" src=\"https:\/\/blancafortinfermers.com\/wp-content\/uploads\/2023\/08\/logo-montserrat-1024x200.jpg\" alt=\"\" loading=\"lazy\" srcset=\"https:\/\/blancafortinfermers.com\/wp-content\/uploads\/2023\/08\/logo-montserrat-1024x200.jpg 1024w, https:\/\/blancafortinfermers.com\/wp-content\/uploads\/2023\/08\/logo-montserrat-300x59.jpg 300w, https:\/\/blancafortinfermers.com\/wp-content\/uploads\/2023\/08\/logo-montserrat-768x150.jpg 768w, https:\/\/blancafortinfermers.com\/wp-content\/uploads\/2023\/08\/logo-montserrat-1536x300.jpg 1536w, https:\/\/blancafortinfermers.com\/wp-content\/uploads\/2023\/08\/logo-montserrat.jpg 2025w\" sizes=\"auto, (max-width: 1024px) 100vw, 1024px\" \/>\t\t\t\t\t\t\t\t<\/a><br \/>\n\t\t\t\t\t\t\t\t\t\t\t\t\t\t\t\t<a href=\"https:\/\/lasarcadias.com\/ubicaciones\/mandri\/\" target=\"_blank\" rel=\"noopener\"><br \/>\n\t\t\t\t\t\t\t<img decoding=\"async\" width=\"756\" height=\"402\" src=\"https:\/\/blancafortinfermers.com\/wp-content\/uploads\/2023\/08\/Logo-Arcadias-Mandri.jpg\" alt=\"\" loading=\"lazy\" srcset=\"https:\/\/blancafortinfermers.com\/wp-content\/uploads\/2023\/08\/Logo-Arcadias-Mandri.jpg 756w, https:\/\/blancafortinfermers.com\/wp-content\/uploads\/2023\/08\/Logo-Arcadias-Mandri-300x160.jpg 300w\" sizes=\"auto, (max-width: 756px) 100vw, 756px\" \/>\t\t\t\t\t\t\t\t<\/a><br \/>\n\t\t\t\t\t\t\t\t\t\t\t\t\t\t\t\t<a href=\"https:\/\/marti-codolar.net\/ca\/marti-codolar\/\" target=\"_blank\" rel=\"noopener\"><br \/>\n\t\t\t\t\t\t\t<img decoding=\"async\" width=\"1024\" height=\"347\" src=\"https:\/\/blancafortinfermers.com\/wp-content\/uploads\/2023\/08\/logo-marti-codolar-scaled-1-1024x347.jpg\" alt=\"\" loading=\"lazy\" srcset=\"https:\/\/blancafortinfermers.com\/wp-content\/uploads\/2023\/08\/logo-marti-codolar-scaled-1-1024x347.jpg 1024w, https:\/\/blancafortinfermers.com\/wp-content\/uploads\/2023\/08\/logo-marti-codolar-scaled-1-300x102.jpg 300w, https:\/\/blancafortinfermers.com\/wp-content\/uploads\/2023\/08\/logo-marti-codolar-scaled-1-768x260.jpg 768w, https:\/\/blancafortinfermers.com\/wp-content\/uploads\/2023\/08\/logo-marti-codolar-scaled-1-1536x521.jpg 1536w, https:\/\/blancafortinfermers.com\/wp-content\/uploads\/2023\/08\/logo-marti-codolar-scaled-1-2048x694.jpg 2048w\" sizes=\"auto, (max-width: 1024px) 100vw, 1024px\" \/>\t\t\t\t\t\t\t\t<\/a><\/p>\n","protected":false},"excerpt":{"rendered":"<p>La Nostra Empresa Blancafort Infermers som una empresa de serveis sanitaris, que es va iniciar el 1997 a Manresa a trav\u00e9s d&#8217;una petita consulta d&#8217;infermeria, durant els anys hem anat creixent gr\u00e0cies a la confian\u00e7a dels nostres clients i la bona feina de l&#8217;equip de treballadors. La nostra missi\u00f3 \u00e9s oferir un servei d\u00b4infermeria de [&hellip;]<\/p>\n","protected":false},"author":1,"featured_media":0,"parent":0,"menu_order":0,"comment_status":"closed","ping_status":"closed","template":"template-home.php","meta":{"footnotes":""},"class_list":["post-11360","page","type-page","status-publish","hentry"],"yoast_head":"<!-- This site is optimized with the Yoast SEO plugin v20.13 - https:\/\/yoast.com\/wordpress\/plugins\/seo\/ -->\n<title>Empresa de serveis sanitaris i infermeria a Barcelona<\/title>\n<meta name=\"description\" content=\"Servei d\u00b4infermeria amb dedicaci\u00f3. Cuidem de tu amb experi\u00e8ncia i cor en tot moment.\" \/>\n<meta name=\"robots\" content=\"index, follow, max-snippet:-1, max-image-preview:large, max-video-preview:-1\" \/>\n<link rel=\"canonical\" href=\"https:\/\/blancafortinfermers.com\/ca\/empresa\/\" \/>\n<meta property=\"og:locale\" content=\"ca_ES\" \/>\n<meta property=\"og:type\" content=\"article\" \/>\n<meta property=\"og:title\" content=\"Empresa de serveis sanitaris i infermeria a Barcelona\" \/>\n<meta property=\"og:description\" content=\"Servei d\u00b4infermeria amb dedicaci\u00f3. Cuidem de tu amb experi\u00e8ncia i cor en tot moment.\" \/>\n<meta property=\"og:url\" content=\"https:\/\/blancafortinfermers.com\/ca\/empresa\/\" \/>\n<meta property=\"og:site_name\" content=\"Blancafort Infermers\" \/>\n<meta property=\"article:modified_time\" content=\"2024-05-17T10:30:23+00:00\" \/>\n<meta property=\"og:image\" content=\"https:\/\/blancafortinfermers.com\/wp-content\/uploads\/2023\/06\/empresaimg.png\" \/>\n<meta name=\"twitter:card\" content=\"summary_large_image\" \/>\n<meta name=\"twitter:label1\" content=\"Temps estimat de lectura\" \/>\n\t<meta name=\"twitter:data1\" content=\"2 minuts\" \/>\n<script type=\"application\/ld+json\" class=\"yoast-schema-graph\">{\"@context\":\"https:\/\/schema.org\",\"@graph\":[{\"@type\":\"WebPage\",\"@id\":\"https:\/\/blancafortinfermers.com\/ca\/empresa\/\",\"url\":\"https:\/\/blancafortinfermers.com\/ca\/empresa\/\",\"name\":\"Empresa de serveis sanitaris i infermeria a Barcelona\",\"isPartOf\":{\"@id\":\"https:\/\/blancafortinfermers.com\/ca\/#website\"},\"datePublished\":\"2023-06-13T09:16:24+00:00\",\"dateModified\":\"2024-05-17T10:30:23+00:00\",\"description\":\"Servei d\u00b4infermeria amb dedicaci\u00f3. Cuidem de tu amb experi\u00e8ncia i cor en tot moment.\",\"breadcrumb\":{\"@id\":\"https:\/\/blancafortinfermers.com\/ca\/empresa\/#breadcrumb\"},\"inLanguage\":\"ca\",\"potentialAction\":[{\"@type\":\"ReadAction\",\"target\":[\"https:\/\/blancafortinfermers.com\/ca\/empresa\/\"]}]},{\"@type\":\"BreadcrumbList\",\"@id\":\"https:\/\/blancafortinfermers.com\/ca\/empresa\/#breadcrumb\",\"itemListElement\":[{\"@type\":\"ListItem\",\"position\":1,\"name\":\"Inici\",\"item\":\"https:\/\/blancafortinfermers.com\/ca\/\"},{\"@type\":\"ListItem\",\"position\":2,\"name\":\"Empresa\"}]},{\"@type\":\"WebSite\",\"@id\":\"https:\/\/blancafortinfermers.com\/ca\/#website\",\"url\":\"https:\/\/blancafortinfermers.com\/ca\/\",\"name\":\"Blancafort Infermers\",\"description\":\"\",\"potentialAction\":[{\"@type\":\"SearchAction\",\"target\":{\"@type\":\"EntryPoint\",\"urlTemplate\":\"https:\/\/blancafortinfermers.com\/ca\/?s={search_term_string}\"},\"query-input\":\"required name=search_term_string\"}],\"inLanguage\":\"ca\"}]}<\/script>\n<!-- \/ Yoast SEO plugin. -->","yoast_head_json":{"title":"Empresa de serveis sanitaris i infermeria a Barcelona","description":"Servei d\u00b4infermeria amb dedicaci\u00f3. Cuidem de tu amb experi\u00e8ncia i cor en tot moment.","robots":{"index":"index","follow":"follow","max-snippet":"max-snippet:-1","max-image-preview":"max-image-preview:large","max-video-preview":"max-video-preview:-1"},"canonical":"https:\/\/blancafortinfermers.com\/ca\/empresa\/","og_locale":"ca_ES","og_type":"article","og_title":"Empresa de serveis sanitaris i infermeria a Barcelona","og_description":"Servei d\u00b4infermeria amb dedicaci\u00f3. Cuidem de tu amb experi\u00e8ncia i cor en tot moment.","og_url":"https:\/\/blancafortinfermers.com\/ca\/empresa\/","og_site_name":"Blancafort Infermers","article_modified_time":"2024-05-17T10:30:23+00:00","og_image":[{"url":"https:\/\/blancafortinfermers.com\/wp-content\/uploads\/2023\/06\/empresaimg.png"}],"twitter_card":"summary_large_image","twitter_misc":{"Temps estimat de lectura":"2 minuts"},"schema":{"@context":"https:\/\/schema.org","@graph":[{"@type":"WebPage","@id":"https:\/\/blancafortinfermers.com\/ca\/empresa\/","url":"https:\/\/blancafortinfermers.com\/ca\/empresa\/","name":"Empresa de serveis sanitaris i infermeria a Barcelona","isPartOf":{"@id":"https:\/\/blancafortinfermers.com\/ca\/#website"},"datePublished":"2023-06-13T09:16:24+00:00","dateModified":"2024-05-17T10:30:23+00:00","description":"Servei d\u00b4infermeria amb dedicaci\u00f3. Cuidem de tu amb experi\u00e8ncia i cor en tot moment.","breadcrumb":{"@id":"https:\/\/blancafortinfermers.com\/ca\/empresa\/#breadcrumb"},"inLanguage":"ca","potentialAction":[{"@type":"ReadAction","target":["https:\/\/blancafortinfermers.com\/ca\/empresa\/"]}]},{"@type":"BreadcrumbList","@id":"https:\/\/blancafortinfermers.com\/ca\/empresa\/#breadcrumb","itemListElement":[{"@type":"ListItem","position":1,"name":"Inici","item":"https:\/\/blancafortinfermers.com\/ca\/"},{"@type":"ListItem","position":2,"name":"Empresa"}]},{"@type":"WebSite","@id":"https:\/\/blancafortinfermers.com\/ca\/#website","url":"https:\/\/blancafortinfermers.com\/ca\/","name":"Blancafort Infermers","description":"","potentialAction":[{"@type":"SearchAction","target":{"@type":"EntryPoint","urlTemplate":"https:\/\/blancafortinfermers.com\/ca\/?s={search_term_string}"},"query-input":"required name=search_term_string"}],"inLanguage":"ca"}]}},"_links":{"self":[{"href":"https:\/\/blancafortinfermers.com\/ca\/wp-json\/wp\/v2\/pages\/11360","targetHints":{"allow":["GET"]}}],"collection":[{"href":"https:\/\/blancafortinfermers.com\/ca\/wp-json\/wp\/v2\/pages"}],"about":[{"href":"https:\/\/blancafortinfermers.com\/ca\/wp-json\/wp\/v2\/types\/page"}],"author":[{"embeddable":true,"href":"https:\/\/blancafortinfermers.com\/ca\/wp-json\/wp\/v2\/users\/1"}],"replies":[{"embeddable":true,"href":"https:\/\/blancafortinfermers.com\/ca\/wp-json\/wp\/v2\/comments?post=11360"}],"version-history":[{"count":221,"href":"https:\/\/blancafortinfermers.com\/ca\/wp-json\/wp\/v2\/pages\/11360\/revisions"}],"predecessor-version":[{"id":12686,"href":"https:\/\/blancafortinfermers.com\/ca\/wp-json\/wp\/v2\/pages\/11360\/revisions\/12686"}],"wp:attachment":[{"href":"https:\/\/blancafortinfermers.com\/ca\/wp-json\/wp\/v2\/media?parent=11360"}],"curies":[{"name":"wp","href":"https:\/\/api.w.org\/{rel}","templated":true}]}}